
{"id":12695,"date":"2024-12-16T13:28:40","date_gmt":"2024-12-16T13:28:40","guid":{"rendered":"https:\/\/azuvi.atic.green\/?page_id=12695"},"modified":"2025-02-06T08:03:08","modified_gmt":"2025-02-06T08:03:08","slug":"sign-upnew","status":"publish","type":"page","link":"https:\/\/azuvi.argentacloud.com\/en\/sign-upnew\/","title":{"rendered":"Sign up(New)"},"content":{"rendered":"\t\t<div data-elementor-type=\"wp-page\" data-elementor-id=\"12695\" class=\"elementor elementor-12695 elementor-12694\" data-elementor-post-type=\"page\">\n\t\t\t\t\t\t\t\t\t<div class=\"elementor-section elementor-top-section elementor-element elementor-element-ac4cbfe elementor-section-full_width elementor-section-height-full elementor-section-height-default elementor-section-items-middle e-parent\" data-id=\"ac4cbfe\" data-element_type=\"section\">\n\t\t\t\t\t\t\t<div class=\"elementor-background-overlay\"><\/div>\n\t\t\t\t\t\t\t<div class=\"elementor-container elementor-column-gap-default\">\n\t\t\t\t\t<div class=\"elementor-column elementor-col-33 elementor-top-column elementor-element elementor-element-dbcfcc6 lakit-col-width-auto-no\" data-id=\"dbcfcc6\" data-element_type=\"column\">\n\t\t\t<div class=\"elementor-widget-wrap\">\n\t\t\t\t\t\t\t\t\t<\/div>\n\t\t<\/div>\n\t\t\t\t<div class=\"elementor-column elementor-col-33 elementor-top-column elementor-element elementor-element-0b3ef90 lakit-col-width-auto-no\" data-id=\"0b3ef90\" data-element_type=\"column\">\n\t\t\t<div class=\"elementor-widget-wrap elementor-element-populated\">\n\t\t\t\t\t\t\t\t<div class=\"elementor-element elementor-element-a6f8e7b elementor-widget elementor-widget-shortcode\" data-id=\"a6f8e7b\" data-element_type=\"widget\" data-widget_type=\"shortcode.default\">\n\t\t\t\t<div class=\"elementor-widget-container\">\n\t\t\t\t\t<div class=\"elementor-shortcode\">    <form id=\"user-registration-form-2025\" enctype=\"multipart\/form-data\">\r\n            <h3>Registration<\/h3>\r\n    \t\t<span class=\"principal-text\">Sign up to access to Azuvi's private area<\/span>\r\n        <div class=\"custom-user-fields\" id=\"form-update-profile-info\">\r\n            <!-- Add your form fields here -->\r\n            <div class=\"form-group\">\r\n                <label for=\"nombre\">* First name<\/label>\r\n                <input type=\"text\" required name=\"nombre\" id=\"nombre\" placeholder=\"First name\" value=\"\" class=\"regular-text\" \/>\r\n            <\/div>\r\n    \r\n            <div class=\"form-group\">\r\n                <label for=\"apellidos\">* Surname<\/label>\r\n                <input type=\"text\" required name=\"apellidos\" id=\"apellidos\" placeholder=\"Surname\" value=\"\" class=\"regular-text\" \/>\r\n            <\/div>\r\n    \r\n            <div class=\"form-group\">\r\n                <label for=\"apellidos\">* E-mail<\/label>\r\n                <input type=\"email\" required name=\"email\" id=\"email\" placeholder=\"user@user.com\" value=\"\" class=\"regular-text\" \/>\r\n            <\/div>\r\n    \r\n            <div class=\"form-group\">\r\n                <label for=\"password\">* Password<\/label>\r\n                <input type=\"password\" required name=\"password\" id=\"password\" placeholder=\"Password\" value=\"\" class=\"regular-text\" \/>\r\n            <\/div>\r\n            \r\n            <div class=\"form-group\">\r\n                <label for=\"empresa\">* Company<\/label>\r\n                <input type=\"text\" required name=\"empresa\" id=\"empresa\" placeholder=\"Company\" value=\"\" class=\"regular-text\" \/>\r\n            <\/div>\r\n            \r\n             <div class=\"form-group\">\r\n                <label for=\"pais\">* Country<\/label>\r\n                <select name=\"pais\" required id=\"pais\">\r\n                    <option value='afganistan' >Afganist\u00e1n<\/option><option value='albania' >Albania<\/option><option value='alemania' >Alemania<\/option><option value='andorra' >Andorra<\/option><option value='angola' >Angola<\/option><option value='anguila' >Anguila<\/option><option value='antartida' >Ant\u00e1rtida<\/option><option value='antiguaybarbuda' >Antigua y Barbuda<\/option><option value='antillasneerlandesas' >Antillas Neerlandesas<\/option><option value='arabiasaudi' >Arabia Saud\u00ed<\/option><option value='argelia' >Argelia<\/option><option value='argentina' >Argentina<\/option><option value='armenia' >Armenia<\/option><option value='aruba' >Aruba<\/option><option value='australia' >Australia<\/option><option value='austria' >Austria<\/option><option value='azerbaiyan' >Azerbaiy\u00e1n<\/option><option value='bahamas' >Bahamas<\/option><option value='bahrein' >Bahr\u00e9in<\/option><option value='bangladesh' >Bangladesh<\/option><option value='barbados' >Barbados<\/option><option value='belgica' >B\u00e9lgica<\/option><option value='belice' >Belice<\/option><option value='benin' >Ben\u00edn<\/option><option value='bermudas' >Bermudas<\/option><option value='bielorrusia' >Bielorrusia<\/option><option value='bolivia' >Bolivia<\/option><option value='bosniaherzegovina' >Bosnia-Herzegovina<\/option><option value='botsuana' >Botsuana<\/option><option value='brasil' >Brasil<\/option><option value='brunei' >Brun\u00e9i<\/option><option value='bulgaria' >Bulgaria<\/option><option value='burkinafaso' >Burkina Faso<\/option><option value='burundi' >Burundi<\/option><option value='butan' >But\u00e1n<\/option><option value='caboverde' >Cabo Verde<\/option><option value='camboya' >Camboya<\/option><option value='camerun' >Camer\u00fan<\/option><option value='canada' >Canad\u00e1<\/option><option value='chad' >Chad<\/option><option value='chile' >Chile<\/option><option value='china' >China<\/option><option value='chipre' >Chipre<\/option><option value='ciudaddelvaticano' >Ciudad del Vaticano<\/option><option value='colombia' >Colombia<\/option><option value='comoras' >Comoras<\/option><option value='congo' >Congo<\/option><option value='coreadelnorte' >Corea del Norte<\/option><option value='coreadelsur' >Corea del Sur<\/option><option value='costademarfil' >Costa de Marfil<\/option><option value='costarica' >Costa Rica<\/option><option value='croacia' >Croacia<\/option><option value='cuba' >Cuba<\/option><option value='dinamarca' >Dinamarca<\/option><option value='dominica' >Dominica<\/option><option value='ecuador' >Ecuador<\/option><option value='egipto' >Egipto<\/option><option value='elsalvador' >El Salvador<\/option><option value='emiratosarabesunidos' >Emiratos \u00c1rabes Unidos<\/option><option value='eritrea' >Eritrea<\/option><option value='eslovaquia' >Eslovaquia<\/option><option value='eslovenia' >Eslovenia<\/option><option value='espana' >Espa\u00f1a<\/option><option value='estadosunidos' >Estados Unidos<\/option><option value='estonia' >Estonia<\/option><option value='etiopia' >Etiop\u00eda<\/option><option value='filipinas' >Filipinas<\/option><option value='finlandia' >Finlandia<\/option><option value='fiyi' >Fiyi<\/option><option value='francia' >Francia<\/option><option value='gabon' >Gab\u00f3n<\/option><option value='gambia' >Gambia<\/option><option value='georgia' >Georgia<\/option><option value='ghana' >Ghana<\/option><option value='gibraltar' >Gibraltar<\/option><option value='granada' >Granada<\/option><option value='grecia' >Grecia<\/option><option value='groenlandia' >Groenlandia<\/option><option value='guadalupe' >Guadalupe<\/option><option value='guam' >Guam<\/option><option value='guatemala' >Guatemala<\/option><option value='guayanafrancesa' >Guayana Francesa<\/option><option value='guernsey' >Guernsey<\/option><option value='guinea' >Guinea<\/option><option value='guineaecuatorial' >Guinea Ecuatorial<\/option><option value='guineabissau' >Guinea-Bissau<\/option><option value='guyana' >Guyana<\/option><option value='haiti' >Hait\u00ed<\/option><option value='honduras' >Honduras<\/option><option value='hungria' >Hungr\u00eda<\/option><option value='india' >India<\/option><option value='indonesia' >Indonesia<\/option><option value='iran' >Ir\u00e1n<\/option><option value='iraq' >Iraq<\/option><option value='irlanda' >Irlanda<\/option><option value='islabouvet' >Isla Bouvet<\/option><option value='islachristmas' >Isla Christmas<\/option><option value='islademan' >Isla de Man<\/option><option value='islaniue' >Isla Niue<\/option><option value='islanorfolk' >Isla Norfolk<\/option><option value='islandia' >Islandia<\/option><option value='islasaland' >Islas \u00c5land<\/option><option value='islascaiman' >Islas Caim\u00e1n<\/option><option value='islascocos' >Islas Cocos<\/option><option value='islascook' >Islas Cook<\/option><option value='islasferoe' >Islas Feroe<\/option><option value='islasgeorgiadelsurysandwichdelsur' >Islas Georgia del Sur y Sandwich del Sur<\/option><option value='islasheardymcdonald' >Islas Heard y McDonald<\/option><option value='islasmalvinas' >Islas Malvinas<\/option><option value='islasmarianasdelnorte' >Islas Marianas del Norte<\/option><option value='islasmarshall' >Islas Marshall<\/option><option value='islasmenoresalejadasdelosestadosunidos' >Islas menores alejadas de los Estados Unidos<\/option><option value='islassalomon' >Islas Salom\u00f3n<\/option><option value='islasturcasycaicos' >Islas Turcas y Caicos<\/option><option value='islasvirgenesbritanicas' >Islas V\u00edrgenes Brit\u00e1nicas<\/option><option value='islasvirgenesdelosestadosunidos' >Islas V\u00edrgenes de los Estados Unidos<\/option><option value='israel' >Israel<\/option><option value='italia' >Italia<\/option><option value='jamaica' >Jamaica<\/option><option value='japon' >Jap\u00f3n<\/option><option value='jersey' >Jersey<\/option><option value='jordania' >Jordania<\/option><option value='kazajistan' >Kazajist\u00e1n<\/option><option value='kenia' >Kenia<\/option><option value='kirguistan' >Kirguist\u00e1n<\/option><option value='kiribati' >Kiribati<\/option><option value='kuwait' >Kuwait<\/option><option value='laos' >Laos<\/option><option value='lesoto' >Lesoto<\/option><option value='letonia' >Letonia<\/option><option value='libano' >L\u00edbano<\/option><option value='liberia' >Liberia<\/option><option value='libia' >Libia<\/option><option value='liechtenstein' >Liechtenstein<\/option><option value='lituania' >Lituania<\/option><option value='luxemburgo' >Luxemburgo<\/option><option value='macedonia' >Macedonia<\/option><option value='madagascar' >Madagascar<\/option><option value='malasia' >Malasia<\/option><option value='malaui' >Malaui<\/option><option value='maldivas' >Maldivas<\/option><option value='mali' >Mali<\/option><option value='malta' >Malta<\/option><option value='marruecos' >Marruecos<\/option><option value='martinica' >Martinica<\/option><option value='mauricio' >Mauricio<\/option><option value='mauritania' >Mauritania<\/option><option value='mayotte' >Mayotte<\/option><option value='mexico' >M\u00e9xico<\/option><option value='micronesia' >Micronesia<\/option><option value='moldavia' >Moldavia<\/option><option value='monaco' >M\u00f3naco<\/option><option value='mongolia' >Mongolia<\/option><option value='montenegro' >Montenegro<\/option><option value='montserrat' >Montserrat<\/option><option value='mozambique' >Mozambique<\/option><option value='myanmar' >Myanmar<\/option><option value='namibia' >Namibia<\/option><option value='nauru' >Nauru<\/option><option value='nepal' >Nepal<\/option><option value='nicaragua' >Nicaragua<\/option><option value='niger' >N\u00edger<\/option><option value='nigeria' >Nigeria<\/option><option value='noruega' >Noruega<\/option><option value='nuevacaledonia' >Nueva Caledonia<\/option><option value='nuevazelanda' >Nueva Zelanda<\/option><option value='oman' >Om\u00e1n<\/option><option value='paisesbajos' >Pa\u00edses Bajos<\/option><option value='pakistan' >Pakist\u00e1n<\/option><option value='palau' >Palau<\/option><option value='palestina' >Palestina<\/option><option value='panama' >Panam\u00e1<\/option><option value='papuanuevaguinea' >Pap\u00faa Nueva Guinea<\/option><option value='paraguay' >Paraguay<\/option><option value='peru' >Per\u00fa<\/option><option value='pitcairn' >Pitcairn<\/option><option value='polinesiafrancesa' >Polinesia Francesa<\/option><option value='polonia' >Polonia<\/option><option value='portugal' >Portugal<\/option><option value='puertorico' >Puerto Rico<\/option><option value='qatar' >Qatar<\/option><option value='regionadministrativaespecialdehongkongdelarepublicapopularchina' >Regi\u00f3n Administrativa Especial de Hong Kong de la Rep\u00fablica Popular China<\/option><option value='regionadministrativaespecialdemacaodelarepublicapopularchina' >Regi\u00f3n Administrativa Especial de Macao de la Rep\u00fablica Popular China<\/option><option value='regiondesconocidaonovalida' >Regi\u00f3n desconocida o no v\u00e1lida<\/option><option value='reinounido' >Reino Unido<\/option><option value='republicacentroafricana' >Rep\u00fablica Centroafricana<\/option><option value='republicacheca' >Rep\u00fablica Checa<\/option><option value='republicademocraticadelcongo' >Rep\u00fablica Democr\u00e1tica del Congo<\/option><option value='republicadominicana' >Rep\u00fablica Dominicana<\/option><option value='reunion' >Reuni\u00f3n<\/option><option value='ruanda' >Ruanda<\/option><option value='rumania' >Ruman\u00eda<\/option><option value='rusia' >Rusia<\/option><option value='saharaoccidental' >S\u00e1hara Occidental<\/option><option value='samoa' >Samoa<\/option><option value='samoaamericana' >Samoa Americana<\/option><option value='sanbartolome' >San Bartolom\u00e9<\/option><option value='sancristobalynieves' >San Crist\u00f3bal y Nieves<\/option><option value='sanmarino' >San Marino<\/option><option value='sanmartin' >San Mart\u00edn<\/option><option value='sanpedroymiquelon' >San Pedro y Miquel\u00f3n<\/option><option value='sanvicenteylasgranadinas' >San Vicente y las Granadinas<\/option><option value='santaelena' >Santa Elena<\/option><option value='santalucia' >Santa Luc\u00eda<\/option><option value='santotomeyprincipe' >Santo Tom\u00e9 y Pr\u00edncipe<\/option><option value='senegal' >Senegal<\/option><option value='serbia' >Serbia<\/option><option value='serbiaymontenegro' >Serbia y Montenegro<\/option><option value='seychelles' >Seychelles<\/option><option value='sierraleona' >Sierra Leona<\/option><option value='singapur' >Singapur<\/option><option value='siria' >Siria<\/option><option value='somalia' >Somalia<\/option><option value='srilanka' >Sri Lanka<\/option><option value='suazilandia' >Suazilandia<\/option><option value='sudafrica' >Sud\u00e1frica<\/option><option value='sudan' >Sud\u00e1n<\/option><option value='suecia' >Suecia<\/option><option value='suiza' >Suiza<\/option><option value='surinam' >Surinam<\/option><option value='svalbardyjanmayen' >Svalbard y Jan Mayen<\/option><option value='tailandia' >Tailandia<\/option><option value='taiwan' >Taiw\u00e1n<\/option><option value='tanzania' >Tanzania<\/option><option value='tayikistan' >Tayikist\u00e1n<\/option><option value='territoriobritanicodeloceanoindico' >Territorio Brit\u00e1nico del Oc\u00e9ano \u00cdndico<\/option><option value='territoriosaustralesfranceses' >Territorios Australes Franceses<\/option><option value='timororiental' >Timor Oriental<\/option><option value='togo' >Togo<\/option><option value='tokelau' >Tokelau<\/option><option value='tonga' >Tonga<\/option><option value='trinidadytobago' >Trinidad y Tobago<\/option><option value='tunez' >T\u00fanez<\/option><option value='turkmenistan' >Turkmenist\u00e1n<\/option><option value='turquia' >Turqu\u00eda<\/option><option value='tuvalu' >Tuvalu<\/option><option value='ucrania' >Ucrania<\/option><option value='uganda' >Uganda<\/option><option value='uruguay' >Uruguay<\/option><option value='uzbekistan' >Uzbekist\u00e1n<\/option><option value='vanuatu' >Vanuatu<\/option><option value='venezuela' >Venezuela<\/option><option value='vietnam' >Vietnam<\/option><option value='wallisyfutuna' >Wallis y Futuna<\/option><option value='yemen' >Yemen<\/option><option value='yibuti' >Yibuti<\/option><option value='zambia' >Zambia<\/option><option value='zimbabue' >Zimbabue<\/option><option value='' selected>Select your country<\/option>                <\/select>\r\n            <\/div>\r\n            \r\n            <div class=\"form-group\" id=\"user-custom-provincia-wrapper\">\r\n                          <\/div>\r\n        \r\n            <\/div>\r\n            \r\n            <div class=\"form-group checkbox-container container-politica\" id=\"user-custom-provincia-wrapper\">\r\n                  <input type=\"checkbox\" name=\"acepto\" id=\"acepto\" \/>* I've read and I accept <a href=\"\/en\/privacidad\">the privacy policy<\/a>\r\n        \t<\/div>\r\n                \r\n            <div class=\"form-group checkbox-container\" id=\"user-custom-provincia-wrapper\">\r\n                  <input type=\"checkbox\" name=\"newsletter\" id=\"newsletter\" \/> I agree to receive commercial communications from AZUVI S.L.U.        \t<\/div>\r\n        \r\n        <div class=\"actualizar-perfil-action-container\">\r\n        \t<input type=\"submit\" class=\"btn-actualizar-perfil\" value=\"Register\"\/>\r\n        \t<span id=\"response-message\"><\/span>\r\n        <\/div>\r\n        <span class=\"registro-link-login\">If you are already registered, <a class=\"\" href=\"\/en\/area-privada\">login here<\/a><\/span>\r\n    \r\n    <\/form>\r\n\t<script>\r\n    \tif(jQuery('#user-custom-provincia-wrapper').length != 0){\r\n       \t\tjQuery('#pais').on('change', function() {\r\n                var selectedCountry = jQuery(this).val();\r\n\r\n                jQuery.ajax({\r\n                    url: MyAjax.url,\r\n                    type: 'POST',\r\n                    data: {\r\n                        action: 'get_provinces_registro',\r\n                        country_code: selectedCountry\r\n                    },\r\n                    success: function(response) {\r\n                        jQuery('#user-custom-provincia-wrapper').html(response);\r\n                    }\r\n                });\r\n            });\r\n        };\r\n    <\/script>\r\n     <\/div>\n\t\t\t\t<\/div>\n\t\t\t\t<\/div>\n\t\t\t\t\t<\/div>\n\t\t<\/div>\n\t\t\t\t<div class=\"elementor-column elementor-col-33 elementor-top-column elementor-element elementor-element-533eeb5 lakit-col-width-auto-no\" data-id=\"533eeb5\" data-element_type=\"column\">\n\t\t\t<div class=\"elementor-widget-wrap\">\n\t\t\t\t\t\t\t\t\t<\/div>\n\t\t<\/div>\n\t\t\t\t\t\t\t<\/div>\n\t\t<\/div>\n\t\t\t\t\t\t\t<\/div>\n\t\t","protected":false},"excerpt":{"rendered":"","protected":false},"author":1,"featured_media":0,"parent":0,"menu_order":0,"comment_status":"closed","ping_status":"closed","template":"","meta":{"footnotes":""},"class_list":["post-12695","page","type-page","status-publish","hentry"],"yoast_head":"<!-- This site is optimized with the Yoast SEO plugin v21.2 - https:\/\/yoast.com\/wordpress\/plugins\/seo\/ -->\n<title>Sign up(New) - Azuvi<\/title>\n<meta name=\"robots\" content=\"noindex, follow, max-snippet:-1, max-image-preview:large, max-video-preview:-1\" \/>\n<meta property=\"og:locale\" content=\"en_US\" \/>\n<meta property=\"og:type\" content=\"article\" \/>\n<meta property=\"og:title\" content=\"Sign up(New) - Azuvi\" \/>\n<meta property=\"og:url\" content=\"https:\/\/azuvi.argentacloud.com\/en\/sign-upnew\/\" \/>\n<meta property=\"og:site_name\" content=\"Azuvi\" \/>\n<meta property=\"article:modified_time\" content=\"2025-02-06T08:03:08+00:00\" \/>\n<meta name=\"twitter:card\" content=\"summary_large_image\" \/>\n<script type=\"application\/ld+json\" class=\"yoast-schema-graph\">{\"@context\":\"https:\/\/schema.org\",\"@graph\":[{\"@type\":\"WebPage\",\"@id\":\"https:\/\/azuvi.argentacloud.com\/en\/sign-upnew\/\",\"url\":\"https:\/\/azuvi.argentacloud.com\/en\/sign-upnew\/\",\"name\":\"Sign up(New) - Azuvi\",\"isPartOf\":{\"@id\":\"https:\/\/azuvi.argentacloud.com\/#website\"},\"datePublished\":\"2024-12-16T13:28:40+00:00\",\"dateModified\":\"2025-02-06T08:03:08+00:00\",\"breadcrumb\":{\"@id\":\"https:\/\/azuvi.argentacloud.com\/en\/sign-upnew\/#breadcrumb\"},\"inLanguage\":\"en-US\",\"potentialAction\":[{\"@type\":\"ReadAction\",\"target\":[\"https:\/\/azuvi.argentacloud.com\/en\/sign-upnew\/\"]}]},{\"@type\":\"BreadcrumbList\",\"@id\":\"https:\/\/azuvi.argentacloud.com\/en\/sign-upnew\/#breadcrumb\",\"itemListElement\":[{\"@type\":\"ListItem\",\"position\":1,\"name\":\"Portada\",\"item\":\"https:\/\/azuvi.argentacloud.com\/\"},{\"@type\":\"ListItem\",\"position\":2,\"name\":\"Sign up(New)\"}]},{\"@type\":\"WebSite\",\"@id\":\"https:\/\/azuvi.argentacloud.com\/#website\",\"url\":\"https:\/\/azuvi.argentacloud.com\/\",\"name\":\"Azuvi\",\"description\":\"Innovaci\u00f3n en dise\u00f1o cer\u00e1mico\",\"publisher\":{\"@id\":\"https:\/\/azuvi.argentacloud.com\/#organization\"},\"potentialAction\":[{\"@type\":\"SearchAction\",\"target\":{\"@type\":\"EntryPoint\",\"urlTemplate\":\"https:\/\/azuvi.argentacloud.com\/?s={search_term_string}\"},\"query-input\":\"required name=search_term_string\"}],\"inLanguage\":\"en-US\"},{\"@type\":\"Organization\",\"@id\":\"https:\/\/azuvi.argentacloud.com\/#organization\",\"name\":\"Azuvi\",\"url\":\"https:\/\/azuvi.argentacloud.com\/\",\"logo\":{\"@type\":\"ImageObject\",\"inLanguage\":\"en-US\",\"@id\":\"https:\/\/azuvi.argentacloud.com\/#\/schema\/logo\/image\/\",\"url\":\"https:\/\/azuvi.argentacloud.com\/wp-content\/uploads\/2023\/02\/AZUVI_LOGO-POSITIVO-scaled.jpg\",\"contentUrl\":\"https:\/\/azuvi.argentacloud.com\/wp-content\/uploads\/2023\/02\/AZUVI_LOGO-POSITIVO-scaled.jpg\",\"width\":2560,\"height\":982,\"caption\":\"Azuvi\"},\"image\":{\"@id\":\"https:\/\/azuvi.argentacloud.com\/#\/schema\/logo\/image\/\"}}]}<\/script>\n<!-- \/ Yoast SEO plugin. -->","yoast_head_json":{"title":"Sign up(New) - Azuvi","robots":{"index":"noindex","follow":"follow","max-snippet":"max-snippet:-1","max-image-preview":"max-image-preview:large","max-video-preview":"max-video-preview:-1"},"og_locale":"en_US","og_type":"article","og_title":"Sign up(New) - Azuvi","og_url":"https:\/\/azuvi.argentacloud.com\/en\/sign-upnew\/","og_site_name":"Azuvi","article_modified_time":"2025-02-06T08:03:08+00:00","twitter_card":"summary_large_image","schema":{"@context":"https:\/\/schema.org","@graph":[{"@type":"WebPage","@id":"https:\/\/azuvi.argentacloud.com\/en\/sign-upnew\/","url":"https:\/\/azuvi.argentacloud.com\/en\/sign-upnew\/","name":"Sign up(New) - Azuvi","isPartOf":{"@id":"https:\/\/azuvi.argentacloud.com\/#website"},"datePublished":"2024-12-16T13:28:40+00:00","dateModified":"2025-02-06T08:03:08+00:00","breadcrumb":{"@id":"https:\/\/azuvi.argentacloud.com\/en\/sign-upnew\/#breadcrumb"},"inLanguage":"en-US","potentialAction":[{"@type":"ReadAction","target":["https:\/\/azuvi.argentacloud.com\/en\/sign-upnew\/"]}]},{"@type":"BreadcrumbList","@id":"https:\/\/azuvi.argentacloud.com\/en\/sign-upnew\/#breadcrumb","itemListElement":[{"@type":"ListItem","position":1,"name":"Portada","item":"https:\/\/azuvi.argentacloud.com\/"},{"@type":"ListItem","position":2,"name":"Sign up(New)"}]},{"@type":"WebSite","@id":"https:\/\/azuvi.argentacloud.com\/#website","url":"https:\/\/azuvi.argentacloud.com\/","name":"Azuvi","description":"Innovaci\u00f3n en dise\u00f1o cer\u00e1mico","publisher":{"@id":"https:\/\/azuvi.argentacloud.com\/#organization"},"potentialAction":[{"@type":"SearchAction","target":{"@type":"EntryPoint","urlTemplate":"https:\/\/azuvi.argentacloud.com\/?s={search_term_string}"},"query-input":"required name=search_term_string"}],"inLanguage":"en-US"},{"@type":"Organization","@id":"https:\/\/azuvi.argentacloud.com\/#organization","name":"Azuvi","url":"https:\/\/azuvi.argentacloud.com\/","logo":{"@type":"ImageObject","inLanguage":"en-US","@id":"https:\/\/azuvi.argentacloud.com\/#\/schema\/logo\/image\/","url":"https:\/\/azuvi.argentacloud.com\/wp-content\/uploads\/2023\/02\/AZUVI_LOGO-POSITIVO-scaled.jpg","contentUrl":"https:\/\/azuvi.argentacloud.com\/wp-content\/uploads\/2023\/02\/AZUVI_LOGO-POSITIVO-scaled.jpg","width":2560,"height":982,"caption":"Azuvi"},"image":{"@id":"https:\/\/azuvi.argentacloud.com\/#\/schema\/logo\/image\/"}}]}},"_links":{"self":[{"href":"https:\/\/azuvi.argentacloud.com\/en\/wp-json\/wp\/v2\/pages\/12695","targetHints":{"allow":["GET"]}}],"collection":[{"href":"https:\/\/azuvi.argentacloud.com\/en\/wp-json\/wp\/v2\/pages"}],"about":[{"href":"https:\/\/azuvi.argentacloud.com\/en\/wp-json\/wp\/v2\/types\/page"}],"author":[{"embeddable":true,"href":"https:\/\/azuvi.argentacloud.com\/en\/wp-json\/wp\/v2\/users\/1"}],"replies":[{"embeddable":true,"href":"https:\/\/azuvi.argentacloud.com\/en\/wp-json\/wp\/v2\/comments?post=12695"}],"version-history":[{"count":3,"href":"https:\/\/azuvi.argentacloud.com\/en\/wp-json\/wp\/v2\/pages\/12695\/revisions"}],"predecessor-version":[{"id":12719,"href":"https:\/\/azuvi.argentacloud.com\/en\/wp-json\/wp\/v2\/pages\/12695\/revisions\/12719"}],"wp:attachment":[{"href":"https:\/\/azuvi.argentacloud.com\/en\/wp-json\/wp\/v2\/media?parent=12695"}],"curies":[{"name":"wp","href":"https:\/\/api.w.org\/{rel}","templated":true}]}}