
{"id":12331,"date":"2023-06-28T10:21:29","date_gmt":"2023-06-28T10:21:29","guid":{"rendered":"https:\/\/azuvi.atic.green\/?page_id=12331"},"modified":"2023-06-28T10:24:51","modified_gmt":"2023-06-28T10:24:51","slug":"lost-password","status":"publish","type":"page","link":"https:\/\/azuvi.argentacloud.com\/en\/lost-password\/","title":{"rendered":"Restore Password"},"content":{"rendered":"\t\t<div data-elementor-type=\"wp-page\" data-elementor-id=\"12331\" class=\"elementor elementor-12331\" data-elementor-post-type=\"page\">\n\t\t\t\t\t\t\t\t\t<div class=\"elementor-section elementor-top-section elementor-element elementor-element-3ec665f elementor-section-full_width elementor-section-height-full elementor-section-height-default elementor-section-items-middle e-parent\" data-id=\"3ec665f\" data-element_type=\"section\">\n\t\t\t\t\t\t\t<div class=\"elementor-background-overlay\"><\/div>\n\t\t\t\t\t\t\t<div class=\"elementor-container elementor-column-gap-default\">\n\t\t\t\t\t<div class=\"elementor-column elementor-col-33 elementor-top-column elementor-element elementor-element-8b1050e lakit-col-width-auto-no\" data-id=\"8b1050e\" data-element_type=\"column\">\n\t\t\t<div class=\"elementor-widget-wrap\">\n\t\t\t\t\t\t\t\t\t<\/div>\n\t\t<\/div>\n\t\t\t\t<div class=\"elementor-column elementor-col-33 elementor-top-column elementor-element elementor-element-17e8dd4 lakit-col-width-auto-no\" data-id=\"17e8dd4\" data-element_type=\"column\">\n\t\t\t<div class=\"elementor-widget-wrap elementor-element-populated\">\n\t\t\t\t\t\t\t\t<div class=\"elementor-element elementor-element-07f10b3 elementor-widget elementor-widget-heading\" data-id=\"07f10b3\" data-element_type=\"widget\" data-widget_type=\"heading.default\">\n\t\t\t\t<div class=\"elementor-widget-container\">\n\t\t\t<style>\/*! elementor - v3.18.0 - 08-12-2023 *\/\n.elementor-heading-title{padding:0;margin:0;line-height:1}.elementor-widget-heading .elementor-heading-title[class*=elementor-size-]>a{color:inherit;font-size:inherit;line-height:inherit}.elementor-widget-heading .elementor-heading-title.elementor-size-small{font-size:15px}.elementor-widget-heading .elementor-heading-title.elementor-size-medium{font-size:19px}.elementor-widget-heading .elementor-heading-title.elementor-size-large{font-size:29px}.elementor-widget-heading .elementor-heading-title.elementor-size-xl{font-size:39px}.elementor-widget-heading .elementor-heading-title.elementor-size-xxl{font-size:59px}<\/style><h2 class=\"elementor-heading-title elementor-size-default\">Restore Password<\/h2>\t\t<\/div>\n\t\t\t\t<\/div>\n\t\t\t\t<div class=\"elementor-element elementor-element-ca0f7b0 elementor-widget elementor-widget-shortcode\" data-id=\"ca0f7b0\" data-element_type=\"widget\" data-widget_type=\"shortcode.default\">\n\t\t\t\t<div class=\"elementor-widget-container\">\n\t\t\t<input type=\"hidden\" id=\"formType\" name=\"formType\" value=\"c44e1c85ff\" \/><input type=\"hidden\" name=\"_wp_http_referer\" value=\"\/en\/wp-json\/wp\/v2\/pages\/12331\" \/>\t\t<div class=\"elementor-shortcode\"><div class=\"micuenta\">\r\n            \r\n                \t<div class=\"userbox\"><form method=\"post\" class=\"wc-change-pwd-form\">\r\n            \t\t\t<div class=\"change_pwd_form\">\r\n            \t\t\t\t<div class=\"log_pass\">\r\n            \t\t\t\t\t<label for=\"user_email\">E-mail<\/label>\r\n            \t\t\t\t\t<input type=\"email\" name=\"user_email\" id=\"user_email\" \/>\r\n            \t\t\t\t<\/div>\r\n            \t\t\t\t\t    \r\n            \t\t\t\t<div class=\"log_user\">\r\n            \t\t\t\t\t<input type=\"hidden\" id=\"formType\" name=\"formType\" value=\"c44e1c85ff\" \/><input type=\"hidden\" name=\"_wp_http_referer\" value=\"\/en\/wp-json\/wp\/v2\/pages\/12331\" \/>\r\n            \t\t\t\t\t<button type=\"submit\" class=\"register_user\">Send<\/button>\r\n            \t\t\t\t<\/div>\r\n            \t\t\t<\/div>\r\n            \t\t<\/form>\r\n            \t<\/div>\r\n            <\/div><\/div>\n\t\t\t\t<\/div>\n\t\t\t\t<\/div>\n\t\t\t\t\t<\/div>\n\t\t<\/div>\n\t\t\t\t<div class=\"elementor-column elementor-col-33 elementor-top-column elementor-element elementor-element-f2592ce lakit-col-width-auto-no\" data-id=\"f2592ce\" data-element_type=\"column\">\n\t\t\t<div class=\"elementor-widget-wrap\">\n\t\t\t\t\t\t\t\t\t<\/div>\n\t\t<\/div>\n\t\t\t\t\t\t\t<\/div>\n\t\t<\/div>\n\t\t\t\t\t\t\t<\/div>\n\t\t","protected":false},"excerpt":{"rendered":"<p>Restore Password<\/p>\n","protected":false},"author":1,"featured_media":0,"parent":0,"menu_order":0,"comment_status":"closed","ping_status":"closed","template":"elementor_header_footer","meta":{"footnotes":""},"class_list":["post-12331","page","type-page","status-publish","hentry"],"yoast_head":"<!-- This site is optimized with the Yoast SEO plugin v21.2 - https:\/\/yoast.com\/wordpress\/plugins\/seo\/ -->\n<title>Restore Password - Azuvi<\/title>\n<meta name=\"robots\" content=\"noindex, follow, max-snippet:-1, max-image-preview:large, max-video-preview:-1\" \/>\n<meta property=\"og:locale\" content=\"en_US\" \/>\n<meta property=\"og:type\" content=\"article\" \/>\n<meta property=\"og:title\" content=\"Restore Password - Azuvi\" \/>\n<meta property=\"og:description\" content=\"Restore Password\" \/>\n<meta property=\"og:url\" content=\"https:\/\/azuvi.argentacloud.com\/recuperar-contrasena\/\" \/>\n<meta property=\"og:site_name\" content=\"Azuvi\" \/>\n<meta property=\"article:modified_time\" content=\"2023-06-28T10:24:51+00:00\" \/>\n<meta name=\"twitter:card\" content=\"summary_large_image\" \/>\n<script type=\"application\/ld+json\" class=\"yoast-schema-graph\">{\"@context\":\"https:\/\/schema.org\",\"@graph\":[{\"@type\":\"WebPage\",\"@id\":\"https:\/\/azuvi.argentacloud.com\/recuperar-contrasena\/\",\"url\":\"https:\/\/azuvi.argentacloud.com\/recuperar-contrasena\/\",\"name\":\"Restore Password - Azuvi\",\"isPartOf\":{\"@id\":\"https:\/\/azuvi.argentacloud.com\/#website\"},\"datePublished\":\"2023-06-28T10:21:29+00:00\",\"dateModified\":\"2023-06-28T10:24:51+00:00\",\"breadcrumb\":{\"@id\":\"https:\/\/azuvi.argentacloud.com\/recuperar-contrasena\/#breadcrumb\"},\"inLanguage\":\"en-US\",\"potentialAction\":[{\"@type\":\"ReadAction\",\"target\":[\"https:\/\/azuvi.argentacloud.com\/recuperar-contrasena\/\"]}]},{\"@type\":\"BreadcrumbList\",\"@id\":\"https:\/\/azuvi.argentacloud.com\/recuperar-contrasena\/#breadcrumb\",\"itemListElement\":[{\"@type\":\"ListItem\",\"position\":1,\"name\":\"Portada\",\"item\":\"https:\/\/azuvi.argentacloud.com\/\"},{\"@type\":\"ListItem\",\"position\":2,\"name\":\"Restore Password\"}]},{\"@type\":\"WebSite\",\"@id\":\"https:\/\/azuvi.argentacloud.com\/#website\",\"url\":\"https:\/\/azuvi.argentacloud.com\/\",\"name\":\"Azuvi\",\"description\":\"Innovaci\u00f3n en dise\u00f1o cer\u00e1mico\",\"publisher\":{\"@id\":\"https:\/\/azuvi.argentacloud.com\/#organization\"},\"potentialAction\":[{\"@type\":\"SearchAction\",\"target\":{\"@type\":\"EntryPoint\",\"urlTemplate\":\"https:\/\/azuvi.argentacloud.com\/?s={search_term_string}\"},\"query-input\":\"required name=search_term_string\"}],\"inLanguage\":\"en-US\"},{\"@type\":\"Organization\",\"@id\":\"https:\/\/azuvi.argentacloud.com\/#organization\",\"name\":\"Azuvi\",\"url\":\"https:\/\/azuvi.argentacloud.com\/\",\"logo\":{\"@type\":\"ImageObject\",\"inLanguage\":\"en-US\",\"@id\":\"https:\/\/azuvi.argentacloud.com\/#\/schema\/logo\/image\/\",\"url\":\"https:\/\/azuvi.argentacloud.com\/wp-content\/uploads\/2023\/02\/AZUVI_LOGO-POSITIVO-scaled.jpg\",\"contentUrl\":\"https:\/\/azuvi.argentacloud.com\/wp-content\/uploads\/2023\/02\/AZUVI_LOGO-POSITIVO-scaled.jpg\",\"width\":2560,\"height\":982,\"caption\":\"Azuvi\"},\"image\":{\"@id\":\"https:\/\/azuvi.argentacloud.com\/#\/schema\/logo\/image\/\"}}]}<\/script>\n<!-- \/ Yoast SEO plugin. -->","yoast_head_json":{"title":"Restore Password - Azuvi","robots":{"index":"noindex","follow":"follow","max-snippet":"max-snippet:-1","max-image-preview":"max-image-preview:large","max-video-preview":"max-video-preview:-1"},"og_locale":"en_US","og_type":"article","og_title":"Restore Password - Azuvi","og_description":"Restore Password","og_url":"https:\/\/azuvi.argentacloud.com\/recuperar-contrasena\/","og_site_name":"Azuvi","article_modified_time":"2023-06-28T10:24:51+00:00","twitter_card":"summary_large_image","schema":{"@context":"https:\/\/schema.org","@graph":[{"@type":"WebPage","@id":"https:\/\/azuvi.argentacloud.com\/recuperar-contrasena\/","url":"https:\/\/azuvi.argentacloud.com\/recuperar-contrasena\/","name":"Restore Password - Azuvi","isPartOf":{"@id":"https:\/\/azuvi.argentacloud.com\/#website"},"datePublished":"2023-06-28T10:21:29+00:00","dateModified":"2023-06-28T10:24:51+00:00","breadcrumb":{"@id":"https:\/\/azuvi.argentacloud.com\/recuperar-contrasena\/#breadcrumb"},"inLanguage":"en-US","potentialAction":[{"@type":"ReadAction","target":["https:\/\/azuvi.argentacloud.com\/recuperar-contrasena\/"]}]},{"@type":"BreadcrumbList","@id":"https:\/\/azuvi.argentacloud.com\/recuperar-contrasena\/#breadcrumb","itemListElement":[{"@type":"ListItem","position":1,"name":"Portada","item":"https:\/\/azuvi.argentacloud.com\/"},{"@type":"ListItem","position":2,"name":"Restore Password"}]},{"@type":"WebSite","@id":"https:\/\/azuvi.argentacloud.com\/#website","url":"https:\/\/azuvi.argentacloud.com\/","name":"Azuvi","description":"Innovaci\u00f3n en dise\u00f1o cer\u00e1mico","publisher":{"@id":"https:\/\/azuvi.argentacloud.com\/#organization"},"potentialAction":[{"@type":"SearchAction","target":{"@type":"EntryPoint","urlTemplate":"https:\/\/azuvi.argentacloud.com\/?s={search_term_string}"},"query-input":"required name=search_term_string"}],"inLanguage":"en-US"},{"@type":"Organization","@id":"https:\/\/azuvi.argentacloud.com\/#organization","name":"Azuvi","url":"https:\/\/azuvi.argentacloud.com\/","logo":{"@type":"ImageObject","inLanguage":"en-US","@id":"https:\/\/azuvi.argentacloud.com\/#\/schema\/logo\/image\/","url":"https:\/\/azuvi.argentacloud.com\/wp-content\/uploads\/2023\/02\/AZUVI_LOGO-POSITIVO-scaled.jpg","contentUrl":"https:\/\/azuvi.argentacloud.com\/wp-content\/uploads\/2023\/02\/AZUVI_LOGO-POSITIVO-scaled.jpg","width":2560,"height":982,"caption":"Azuvi"},"image":{"@id":"https:\/\/azuvi.argentacloud.com\/#\/schema\/logo\/image\/"}}]}},"_links":{"self":[{"href":"https:\/\/azuvi.argentacloud.com\/en\/wp-json\/wp\/v2\/pages\/12331","targetHints":{"allow":["GET"]}}],"collection":[{"href":"https:\/\/azuvi.argentacloud.com\/en\/wp-json\/wp\/v2\/pages"}],"about":[{"href":"https:\/\/azuvi.argentacloud.com\/en\/wp-json\/wp\/v2\/types\/page"}],"author":[{"embeddable":true,"href":"https:\/\/azuvi.argentacloud.com\/en\/wp-json\/wp\/v2\/users\/1"}],"replies":[{"embeddable":true,"href":"https:\/\/azuvi.argentacloud.com\/en\/wp-json\/wp\/v2\/comments?post=12331"}],"version-history":[{"count":9,"href":"https:\/\/azuvi.argentacloud.com\/en\/wp-json\/wp\/v2\/pages\/12331\/revisions"}],"predecessor-version":[{"id":12344,"href":"https:\/\/azuvi.argentacloud.com\/en\/wp-json\/wp\/v2\/pages\/12331\/revisions\/12344"}],"wp:attachment":[{"href":"https:\/\/azuvi.argentacloud.com\/en\/wp-json\/wp\/v2\/media?parent=12331"}],"curies":[{"name":"wp","href":"https:\/\/api.w.org\/{rel}","templated":true}]}}