
{"id":12120,"date":"2023-05-23T15:04:20","date_gmt":"2023-05-23T15:04:20","guid":{"rendered":"https:\/\/azuvi.atic.green\/?page_id=12120"},"modified":"2023-05-24T14:12:18","modified_gmt":"2023-05-24T14:12:18","slug":"empleo","status":"publish","type":"page","link":"https:\/\/azuvi.argentacloud.com\/en\/empleo\/","title":{"rendered":"Empleo"},"content":{"rendered":"\t\t<div data-elementor-type=\"wp-page\" data-elementor-id=\"12120\" class=\"elementor elementor-12120 elementor-12119\" data-elementor-post-type=\"page\">\n\t\t\t\t\t\t\t\t\t<div class=\"elementor-section elementor-top-section elementor-element elementor-element-a01d6a2 elementor-reverse-mobile elementor-section-boxed elementor-section-height-default elementor-section-height-default elementor-invisible e-parent\" data-id=\"a01d6a2\" data-element_type=\"section\" data-settings=\"{&quot;animation&quot;:&quot;fadeInUp&quot;,&quot;animation_delay&quot;:500}\">\n\t\t\t\t\t\t<div class=\"elementor-container elementor-column-gap-no\">\n\t\t\t\t\t<div class=\"elementor-column elementor-col-33 elementor-top-column elementor-element elementor-element-69da2c9 lakit-col-width-auto-no\" data-id=\"69da2c9\" data-element_type=\"column\">\n\t\t\t<div class=\"elementor-widget-wrap elementor-element-populated\">\n\t\t\t\t\t\t\t\t<div class=\"elementor-element elementor-element-1803c3a elementor-widget elementor-widget-image\" data-id=\"1803c3a\" data-element_type=\"widget\" data-widget_type=\"image.default\">\n\t\t\t\t<div class=\"elementor-widget-container\">\n\t\t\t<style>\/*! elementor - v3.18.0 - 08-12-2023 *\/\n.elementor-widget-image{text-align:center}.elementor-widget-image a{display:inline-block}.elementor-widget-image a img[src$=\".svg\"]{width:48px}.elementor-widget-image img{vertical-align:middle;display:inline-block}<\/style>\t\t\t\t\t\t\t\t\t\t\t\t<img fetchpriority=\"high\" decoding=\"async\" width=\"2126\" height=\"2126\" src=\"https:\/\/azuvi.argentacloud.com\/wp-content\/uploads\/2022\/11\/Descargas_-Video.jpg\" class=\"attachment-full size-full wp-image-9240\" alt=\"\" srcset=\"https:\/\/azuvi.argentacloud.com\/wp-content\/uploads\/2022\/11\/Descargas_-Video.jpg 2126w, https:\/\/azuvi.argentacloud.com\/wp-content\/uploads\/2022\/11\/elementor\/thumbs\/Descargas_-Video-pxqzmlvy47d74ufeo0c0drdvbsa5qbj88dawesj6kg.jpg 1536w, https:\/\/azuvi.argentacloud.com\/wp-content\/uploads\/2022\/11\/Descargas_-Video-2048x2048.jpg 2048w\" sizes=\"(max-width: 2126px) 100vw, 2126px\" \/>\t\t\t\t\t\t\t\t\t\t\t\t\t\t\t<\/div>\n\t\t\t\t<\/div>\n\t\t\t\t\t<\/div>\n\t\t<\/div>\n\t\t\t\t<div class=\"elementor-column elementor-col-33 elementor-top-column elementor-element elementor-element-1a2a96d lakit-col-width-auto-no\" data-id=\"1a2a96d\" data-element_type=\"column\">\n\t\t\t<div class=\"elementor-widget-wrap elementor-element-populated\">\n\t\t\t\t\t\t\t\t<div class=\"elementor-element elementor-element-e3fe3fc elementor-widget elementor-widget-text-editor\" data-id=\"e3fe3fc\" data-element_type=\"widget\" data-widget_type=\"text-editor.default\">\n\t\t\t\t<div class=\"elementor-widget-container\">\n\t\t\t<style>\/*! elementor - v3.18.0 - 08-12-2023 *\/\n.elementor-widget-text-editor.elementor-drop-cap-view-stacked .elementor-drop-cap{background-color:#69727d;color:#fff}.elementor-widget-text-editor.elementor-drop-cap-view-framed .elementor-drop-cap{color:#69727d;border:3px solid;background-color:transparent}.elementor-widget-text-editor:not(.elementor-drop-cap-view-default) .elementor-drop-cap{margin-top:8px}.elementor-widget-text-editor:not(.elementor-drop-cap-view-default) .elementor-drop-cap-letter{width:1em;height:1em}.elementor-widget-text-editor .elementor-drop-cap{float:left;text-align:center;line-height:1;font-size:50px}.elementor-widget-text-editor .elementor-drop-cap-letter{display:inline-block}<\/style>\t\t\t\t<p>\u00bfTe gustar\u00eda trabajar con nosotros?<\/p>\t\t\t\t\t\t<\/div>\n\t\t\t\t<\/div>\n\t\t\t\t<div class=\"elementor-element elementor-element-6ed3092 elementor-widget elementor-widget-text-editor\" data-id=\"6ed3092\" data-element_type=\"widget\" data-widget_type=\"text-editor.default\">\n\t\t\t\t<div class=\"elementor-widget-container\">\n\t\t\t\t\t\t\t<p>Agradecemos tu inter\u00e9s en formar parte de nuestro equipo de trabajo. Si deseas ser incluido en futuros procesos de selecci\u00f3n de personal, rellena el formulario siguiente y adjunta tu curr\u00edculum. Nuestro departamento de RRHH recibir\u00e1 tu candidatura.<\/p>\t\t\t\t\t\t<\/div>\n\t\t\t\t<\/div>\n\t\t\t\t<div class=\"elementor-element elementor-element-9cb13e2 elementor-widget elementor-widget-contactform-7\" data-id=\"9cb13e2\" data-element_type=\"widget\" data-widget_type=\"contactform-7.default\">\n\t\t\t\t<div class=\"elementor-widget-container\">\n\t\t\t<div role=\"form\" class=\"wpcf7\" id=\"wpcf7-f12154-o1\" lang=\"en-US\" dir=\"ltr\">\n<div class=\"screen-reader-response\"><p role=\"status\" aria-live=\"polite\" aria-atomic=\"true\"><\/p> <ul><\/ul><\/div>\n<form action=\"\/en\/wp-json\/wp\/v2\/pages\/12120#wpcf7-f12154-o1\" method=\"post\" class=\"wpcf7-form init\" enctype=\"multipart\/form-data\" novalidate=\"novalidate\" data-status=\"init\">\n<div style=\"display: none;\">\n<input type=\"hidden\" name=\"_wpcf7\" value=\"12154\" \/>\n<input type=\"hidden\" name=\"_wpcf7_version\" value=\"5.6.4\" \/>\n<input type=\"hidden\" name=\"_wpcf7_locale\" value=\"en_US\" \/>\n<input type=\"hidden\" name=\"_wpcf7_unit_tag\" value=\"wpcf7-f12154-o1\" \/>\n<input type=\"hidden\" name=\"_wpcf7_container_post\" value=\"0\" \/>\n<input type=\"hidden\" name=\"_wpcf7_posted_data_hash\" value=\"\" \/>\n<\/div>\n<div class=\"row\">\n<div class=\"col-xs-12\">\n<p style=\"font-size: 20px; margin-bottom:35px; margin-top: 40px;\">PERSONAL INFORMATION<\/p>\n<\/div>\n<div class=\"col-xs-6\"><span class=\"input-label\">* Name<\/span><span class=\"wpcf7-form-control-wrap\" data-name=\"nombre\"><input type=\"text\" name=\"nombre\" value=\"\" size=\"40\" class=\"wpcf7-form-control wpcf7-text wpcf7-validates-as-required\" aria-required=\"true\" aria-invalid=\"false\" \/><\/span><\/div>\n<div class=\"col-xs-6\"><span class=\"input-label\">* E-mail<\/span><span class=\"wpcf7-form-control-wrap\" data-name=\"email\"><input type=\"email\" name=\"email\" value=\"\" size=\"40\" class=\"wpcf7-form-control wpcf7-text wpcf7-email wpcf7-validates-as-required wpcf7-validates-as-email\" aria-required=\"true\" aria-invalid=\"false\" \/><\/span><\/div>\n<div class=\"col-xs-6\"><span class=\"input-label\">* DNI<\/span><span class=\"wpcf7-form-control-wrap\" data-name=\"dni\"><input type=\"text\" name=\"dni\" value=\"\" size=\"40\" class=\"wpcf7-form-control wpcf7-text wpcf7-validates-as-required\" aria-required=\"true\" aria-invalid=\"false\" \/><\/span><\/div>\n<div class=\"col-xs-6\"><span class=\"input-label\">* Location<\/span><span class=\"wpcf7-form-control-wrap\" data-name=\"localidad\"><input type=\"text\" name=\"localidad\" value=\"\" size=\"40\" class=\"wpcf7-form-control wpcf7-text wpcf7-validates-as-required\" aria-required=\"true\" aria-invalid=\"false\" \/><\/span><\/div>\n<div class=\"col-xs-6\"><span class=\"input-label\">* Phone Number<\/span><span class=\"wpcf7-form-control-wrap\" data-name=\"telefono\"><input type=\"text\" name=\"telefono\" value=\"\" size=\"40\" class=\"wpcf7-form-control wpcf7-text wpcf7-validates-as-required\" aria-required=\"true\" aria-invalid=\"false\" \/><\/span><\/div>\n<div class=\"col-xs-6\"><span class=\"input-label\">* Postal Code<\/span><span class=\"wpcf7-form-control-wrap\" data-name=\"codigo_postal\"><input type=\"text\" name=\"codigo_postal\" value=\"\" size=\"40\" class=\"wpcf7-form-control wpcf7-text wpcf7-validates-as-required\" aria-required=\"true\" aria-invalid=\"false\" \/><\/span><\/div>\n<div class=\"col-xs-12\">\n<p style=\"font-size: 20px; margin-bottom:35px; margin-top: 45px;\">DATOS DEL PUESTO DE TRABAJO<\/p>\n<\/div>\n<div class=\"col-xs-12\"><span class=\"input-label\">Departamento<\/span><span class=\"wpcf7-form-control-wrap\" data-name=\"departamento\"><input type=\"text\" name=\"departamento\" value=\"\" size=\"40\" class=\"wpcf7-form-control wpcf7-text\" aria-invalid=\"false\" \/><\/span><\/div>\n<div class=\"col-xs-12 div_input_subir_doc\"><span class=\"input-label\">Adjuntar Curr\u00edculum<\/span><span class=\"wpcf7-form-control-wrap\" data-name=\"curriculum\"><input type=\"file\" name=\"curriculum\" size=\"40\" class=\"wpcf7-form-control wpcf7-file\" accept=\".pdf,.doc,.docx\" aria-invalid=\"false\" \/><\/span><\/div>\n<div class=\"col-xs-12\" style=\"font-size: 15px;margin-top:15px;\">* S\u00f3lo se permiten ficheros con extensiones: .PDF, .DOC y .DOCX. Tama\u00f1o m\u00e1ximo de ficheros de 6MB. Los documentos adjuntos no deben incluir Enlaces\/Links\/Hiperv\u00ednculos<\/div>\n<div class=\"col-xs-12\" style=\"margin-bottom: 100px; font-size: 15px;\">* Todos los campos son obligatorios<\/div>\n<div class=\"col-xs-12\" style=\"font-size:10px; margin-bottom:35px;\">RESPONSABLE DEL TRATAMIENTO: AZUVI CERAMICS S.L <br>FINALIDAD EN EL TRATAMIENTO DE LOS DATOS: Realizar los procedimientos internos de selecci\u00f3n de personal de la empresa, tanto actuales como futuros. <br>LEGITIMACI\u00d3N EN EL TRATAMIENTO DE SUS DATOS: Consentimiento del interesado. <br>DERECHOS DE LOS INTERESADOS: Podr\u00e1 ejercitar sus derechos sobre protecci\u00f3n de datos (acceso, rectificaci\u00f3n, oposici\u00f3n, supresi\u00f3n, decisiones automatizadas, limitaci\u00f3n del tratamiento, portabilidad) por correo electr\u00f3nico en privacidad@argentaceramica.com. En cualquier caso, puede solicitar la tutela de la Agencia Espa\u00f1ola de Protecci\u00f3n de Datos a trav\u00e9s de su p\u00e1gina web www.aepd.es\/. Puede consultar m\u00e1s informaci\u00f3n en la pol\u00edtica de privacidad.<\/div>\n<div class=\"col-xs-12 privacidad\"><span class=\"wpcf7-form-control-wrap\" data-name=\"privacidad\"><span class=\"wpcf7-form-control wpcf7-checkbox wpcf7-validates-as-required\"><span class=\"wpcf7-list-item first last\"><label><input type=\"checkbox\" name=\"privacidad[]\" value=\"He le\u00eddo y acepto la pol\u00edtica de privacidad\" \/><span class=\"wpcf7-list-item-label\">He le\u00eddo y acepto la pol\u00edtica de privacidad<\/span><\/label><\/span><\/span><\/span><\/div>\n<div class=\"col-xs-12\"><span class=\"wpcf7-form-control-wrap\" data-name=\"comunicaciones\"><span class=\"wpcf7-form-control wpcf7-checkbox\"><span class=\"wpcf7-list-item first last\"><label><input type=\"checkbox\" name=\"comunicaciones[]\" value=\"Acepto recibir comunicaciones comerciales de AZUVI S.L.U\" \/><span class=\"wpcf7-list-item-label\">Acepto recibir comunicaciones comerciales de AZUVI S.L.U<\/span><\/label><\/span><\/span><\/span><\/div>\n<div class=\"col-xs-12 submit-btn-col\"><input type=\"submit\" value=\"Enviar solicitud\" class=\"wpcf7-form-control has-spinner wpcf7-submit\" \/><\/div>\n<\/div>\n<p><script>jQuery(\".privacidad .wpcf7-list-item-label\").html(\"He le\u00eddo y acepto <a href='privacidad'>la pol\u00edtica de privacidad <\/a>\");<\/script><\/p>\n<div class=\"wpcf7-response-output\" aria-hidden=\"true\"><\/div><\/form><\/div>\t\t<\/div>\n\t\t\t\t<\/div>\n\t\t\t\t\t<\/div>\n\t\t<\/div>\n\t\t\t\t<div class=\"elementor-column elementor-col-33 elementor-top-column elementor-element elementor-element-2fe0fdb lakit-col-width-auto-no\" data-id=\"2fe0fdb\" data-element_type=\"column\">\n\t\t\t<div class=\"elementor-widget-wrap\">\n\t\t\t\t\t\t\t\t\t<\/div>\n\t\t<\/div>\n\t\t\t\t\t\t\t<\/div>\n\t\t<\/div>\n\t\t\t\t\t\t\t<\/div>\n\t\t","protected":false},"excerpt":{"rendered":"<p>\u00bfTe gustar\u00eda trabajar con nosotros? Agradecemos tu inter\u00e9s en formar parte de nuestro equipo de trabajo. Si deseas ser incluido en futuros procesos de selecci\u00f3n de personal, rellena el formulario siguiente y adjunta tu curr\u00edculum. Nuestro departamento [&hellip;]<\/p>\n","protected":false},"author":1,"featured_media":0,"parent":0,"menu_order":0,"comment_status":"closed","ping_status":"closed","template":"","meta":{"footnotes":""},"class_list":["post-12120","page","type-page","status-publish","hentry"],"yoast_head":"<!-- This site is optimized with the Yoast SEO plugin v21.2 - https:\/\/yoast.com\/wordpress\/plugins\/seo\/ -->\n<title>Empleo - Azuvi<\/title>\n<meta name=\"robots\" content=\"noindex, follow, max-snippet:-1, max-image-preview:large, max-video-preview:-1\" \/>\n<meta property=\"og:locale\" content=\"en_US\" \/>\n<meta property=\"og:type\" content=\"article\" \/>\n<meta property=\"og:title\" content=\"Empleo - Azuvi\" \/>\n<meta property=\"og:description\" content=\"\u00bfTe gustar\u00eda trabajar con nosotros? Agradecemos tu inter\u00e9s en formar parte de nuestro equipo de trabajo. Si deseas ser incluido en futuros procesos de selecci\u00f3n de personal, rellena el formulario siguiente y adjunta tu curr\u00edculum. Nuestro departamento [&hellip;]\" \/>\n<meta property=\"og:url\" content=\"https:\/\/azuvi.argentacloud.com\/empleo\/\" \/>\n<meta property=\"og:site_name\" content=\"Azuvi\" \/>\n<meta property=\"article:modified_time\" content=\"2023-05-24T14:12:18+00:00\" \/>\n<meta property=\"og:image\" content=\"https:\/\/azuvi.argentacloud.com\/wp-content\/uploads\/2022\/11\/Descargas_-Video.jpg\" \/>\n<meta name=\"twitter:card\" content=\"summary_large_image\" \/>\n<meta name=\"twitter:label1\" content=\"Est. reading time\" \/>\n\t<meta name=\"twitter:data1\" content=\"1 minute\" \/>\n<script type=\"application\/ld+json\" class=\"yoast-schema-graph\">{\"@context\":\"https:\/\/schema.org\",\"@graph\":[{\"@type\":\"WebPage\",\"@id\":\"https:\/\/azuvi.argentacloud.com\/empleo\/\",\"url\":\"https:\/\/azuvi.argentacloud.com\/empleo\/\",\"name\":\"Empleo - Azuvi\",\"isPartOf\":{\"@id\":\"https:\/\/azuvi.argentacloud.com\/#website\"},\"datePublished\":\"2023-05-23T15:04:20+00:00\",\"dateModified\":\"2023-05-24T14:12:18+00:00\",\"breadcrumb\":{\"@id\":\"https:\/\/azuvi.argentacloud.com\/empleo\/#breadcrumb\"},\"inLanguage\":\"en-US\",\"potentialAction\":[{\"@type\":\"ReadAction\",\"target\":[\"https:\/\/azuvi.argentacloud.com\/empleo\/\"]}]},{\"@type\":\"BreadcrumbList\",\"@id\":\"https:\/\/azuvi.argentacloud.com\/empleo\/#breadcrumb\",\"itemListElement\":[{\"@type\":\"ListItem\",\"position\":1,\"name\":\"Portada\",\"item\":\"https:\/\/azuvi.argentacloud.com\/\"},{\"@type\":\"ListItem\",\"position\":2,\"name\":\"Empleo\"}]},{\"@type\":\"WebSite\",\"@id\":\"https:\/\/azuvi.argentacloud.com\/#website\",\"url\":\"https:\/\/azuvi.argentacloud.com\/\",\"name\":\"Azuvi\",\"description\":\"Innovaci\u00f3n en dise\u00f1o cer\u00e1mico\",\"publisher\":{\"@id\":\"https:\/\/azuvi.argentacloud.com\/#organization\"},\"potentialAction\":[{\"@type\":\"SearchAction\",\"target\":{\"@type\":\"EntryPoint\",\"urlTemplate\":\"https:\/\/azuvi.argentacloud.com\/?s={search_term_string}\"},\"query-input\":\"required name=search_term_string\"}],\"inLanguage\":\"en-US\"},{\"@type\":\"Organization\",\"@id\":\"https:\/\/azuvi.argentacloud.com\/#organization\",\"name\":\"Azuvi\",\"url\":\"https:\/\/azuvi.argentacloud.com\/\",\"logo\":{\"@type\":\"ImageObject\",\"inLanguage\":\"en-US\",\"@id\":\"https:\/\/azuvi.argentacloud.com\/#\/schema\/logo\/image\/\",\"url\":\"https:\/\/azuvi.argentacloud.com\/wp-content\/uploads\/2023\/02\/AZUVI_LOGO-POSITIVO-scaled.jpg\",\"contentUrl\":\"https:\/\/azuvi.argentacloud.com\/wp-content\/uploads\/2023\/02\/AZUVI_LOGO-POSITIVO-scaled.jpg\",\"width\":2560,\"height\":982,\"caption\":\"Azuvi\"},\"image\":{\"@id\":\"https:\/\/azuvi.argentacloud.com\/#\/schema\/logo\/image\/\"}}]}<\/script>\n<!-- \/ Yoast SEO plugin. -->","yoast_head_json":{"title":"Empleo - Azuvi","robots":{"index":"noindex","follow":"follow","max-snippet":"max-snippet:-1","max-image-preview":"max-image-preview:large","max-video-preview":"max-video-preview:-1"},"og_locale":"en_US","og_type":"article","og_title":"Empleo - Azuvi","og_description":"\u00bfTe gustar\u00eda trabajar con nosotros? Agradecemos tu inter\u00e9s en formar parte de nuestro equipo de trabajo. Si deseas ser incluido en futuros procesos de selecci\u00f3n de personal, rellena el formulario siguiente y adjunta tu curr\u00edculum. Nuestro departamento [&hellip;]","og_url":"https:\/\/azuvi.argentacloud.com\/empleo\/","og_site_name":"Azuvi","article_modified_time":"2023-05-24T14:12:18+00:00","og_image":[{"url":"https:\/\/azuvi.argentacloud.com\/wp-content\/uploads\/2022\/11\/Descargas_-Video.jpg"}],"twitter_card":"summary_large_image","twitter_misc":{"Est. reading time":"1 minute"},"schema":{"@context":"https:\/\/schema.org","@graph":[{"@type":"WebPage","@id":"https:\/\/azuvi.argentacloud.com\/empleo\/","url":"https:\/\/azuvi.argentacloud.com\/empleo\/","name":"Empleo - Azuvi","isPartOf":{"@id":"https:\/\/azuvi.argentacloud.com\/#website"},"datePublished":"2023-05-23T15:04:20+00:00","dateModified":"2023-05-24T14:12:18+00:00","breadcrumb":{"@id":"https:\/\/azuvi.argentacloud.com\/empleo\/#breadcrumb"},"inLanguage":"en-US","potentialAction":[{"@type":"ReadAction","target":["https:\/\/azuvi.argentacloud.com\/empleo\/"]}]},{"@type":"BreadcrumbList","@id":"https:\/\/azuvi.argentacloud.com\/empleo\/#breadcrumb","itemListElement":[{"@type":"ListItem","position":1,"name":"Portada","item":"https:\/\/azuvi.argentacloud.com\/"},{"@type":"ListItem","position":2,"name":"Empleo"}]},{"@type":"WebSite","@id":"https:\/\/azuvi.argentacloud.com\/#website","url":"https:\/\/azuvi.argentacloud.com\/","name":"Azuvi","description":"Innovaci\u00f3n en dise\u00f1o cer\u00e1mico","publisher":{"@id":"https:\/\/azuvi.argentacloud.com\/#organization"},"potentialAction":[{"@type":"SearchAction","target":{"@type":"EntryPoint","urlTemplate":"https:\/\/azuvi.argentacloud.com\/?s={search_term_string}"},"query-input":"required name=search_term_string"}],"inLanguage":"en-US"},{"@type":"Organization","@id":"https:\/\/azuvi.argentacloud.com\/#organization","name":"Azuvi","url":"https:\/\/azuvi.argentacloud.com\/","logo":{"@type":"ImageObject","inLanguage":"en-US","@id":"https:\/\/azuvi.argentacloud.com\/#\/schema\/logo\/image\/","url":"https:\/\/azuvi.argentacloud.com\/wp-content\/uploads\/2023\/02\/AZUVI_LOGO-POSITIVO-scaled.jpg","contentUrl":"https:\/\/azuvi.argentacloud.com\/wp-content\/uploads\/2023\/02\/AZUVI_LOGO-POSITIVO-scaled.jpg","width":2560,"height":982,"caption":"Azuvi"},"image":{"@id":"https:\/\/azuvi.argentacloud.com\/#\/schema\/logo\/image\/"}}]}},"_links":{"self":[{"href":"https:\/\/azuvi.argentacloud.com\/en\/wp-json\/wp\/v2\/pages\/12120","targetHints":{"allow":["GET"]}}],"collection":[{"href":"https:\/\/azuvi.argentacloud.com\/en\/wp-json\/wp\/v2\/pages"}],"about":[{"href":"https:\/\/azuvi.argentacloud.com\/en\/wp-json\/wp\/v2\/types\/page"}],"author":[{"embeddable":true,"href":"https:\/\/azuvi.argentacloud.com\/en\/wp-json\/wp\/v2\/users\/1"}],"replies":[{"embeddable":true,"href":"https:\/\/azuvi.argentacloud.com\/en\/wp-json\/wp\/v2\/comments?post=12120"}],"version-history":[{"count":10,"href":"https:\/\/azuvi.argentacloud.com\/en\/wp-json\/wp\/v2\/pages\/12120\/revisions"}],"predecessor-version":[{"id":12158,"href":"https:\/\/azuvi.argentacloud.com\/en\/wp-json\/wp\/v2\/pages\/12120\/revisions\/12158"}],"wp:attachment":[{"href":"https:\/\/azuvi.argentacloud.com\/en\/wp-json\/wp\/v2\/media?parent=12120"}],"curies":[{"name":"wp","href":"https:\/\/api.w.org\/{rel}","templated":true}]}}