
{"id":10752,"date":"2022-11-04T07:40:15","date_gmt":"2022-11-04T07:40:15","guid":{"rendered":"https:\/\/azuvi.atic.green\/noticias\/"},"modified":"2023-02-15T16:09:32","modified_gmt":"2023-02-15T16:09:32","slug":"news","status":"publish","type":"page","link":"https:\/\/azuvi.argentacloud.com\/en\/news\/","title":{"rendered":"News"},"content":{"rendered":"\t\t<div data-elementor-type=\"wp-page\" data-elementor-id=\"10752\" class=\"elementor elementor-10752 elementor-8970\" data-elementor-post-type=\"page\">\n\t\t\t\t\t\t\t\t\t<div class=\"elementor-section elementor-top-section elementor-element elementor-element-61df927 elementor-section-boxed elementor-section-height-default elementor-section-height-default e-parent\" data-id=\"61df927\" data-element_type=\"section\">\n\t\t\t\t\t\t<div class=\"elementor-container elementor-column-gap-default\">\n\t\t\t\t\t<div class=\"elementor-column elementor-col-100 elementor-top-column elementor-element elementor-element-ed546dd lakit-col-width-auto-no\" data-id=\"ed546dd\" data-element_type=\"column\">\n\t\t\t<div class=\"elementor-widget-wrap elementor-element-populated\">\n\t\t\t\t\t\t\t\t<div class=\"elementor-element elementor-element-6e8a5fc active-object-fit active-object-fit-true noticias-first-row elementor-widget elementor-widget-lastudio-posts\" data-id=\"6e8a5fc\" data-element_type=\"widget\" data-widget_type=\"lastudio-posts.default\">\n\t\t\t\t<div class=\"elementor-widget-container\">\n\t\t\t\n<div id=\"lapost_6e8a5fc\" class=\"lastudio-posts layout-type-grid preset-grid-1 querycpt--post lastudio-posts--grid\">    <div class=\"lastudio-posts__list_wrapper\">\n        <div class=\"lastudio-posts__list grid-items block-grid-2 laptop-block-grid-2 tablet-block-grid-2 mobile-block-grid-2 xmobile-block-grid-2\" data-item_selector=\".loop__item\">\n        <article class=\"lastudio-posts__item loop__item grid-item\">\n    <div class=\"lastudio-posts__inner-box\"><div class=\"lastudio-posts__inner-content\"><div class=\"post-meta post-meta--top cat-is-hidden\"><\/div><h4 class=\"entry-title\"><a href=\"https:\/\/azuvi.argentacloud.com\/en\/cambiar-contrasena\/\" title=\"Change Password\" rel=\"bookmark\">Change Password<\/a><\/h4><div class=\"entry-excerpt\">New Password<\/div><\/div><\/div>\n<\/article><article class=\"lastudio-posts__item loop__item grid-item has-post-thumbnail\">\n    <div class=\"lastudio-posts__inner-box\">            <div class=\"post-thumbnail\">\n                <a href=\"https:\/\/azuvi.argentacloud.com\/en\/azuvi-en-cersaie-2022\/\" class=\"post-thumbnail__link\"><figure class=\"blog_item--thumbnail figure__object_fit\"><img fetchpriority=\"high\" decoding=\"async\" width=\"2560\" height=\"1886\" style=\"--img-height:1886px\" src=\"https:\/\/azuvi.argentacloud.com\/wp-content\/uploads\/2022\/11\/01-scaled.jpg\" class=\"post-thumbnail__img wp-post-image la-lazyload-image wp-post-image\" alt=\"\" srcset=\"https:\/\/azuvi.argentacloud.com\/wp-content\/uploads\/2022\/11\/01-scaled.jpg 2560w, https:\/\/azuvi.argentacloud.com\/wp-content\/uploads\/2022\/11\/01-1536x1132.jpg 1536w, https:\/\/azuvi.argentacloud.com\/wp-content\/uploads\/2022\/11\/01-2048x1509.jpg 2048w\" sizes=\"(max-width: 2560px) 100vw, 2560px\" \/><\/figure><\/a>\n            <\/div>\n            <div class=\"lastudio-posts__inner-content\"><div class=\"post-meta post-meta--top cat-is-hidden\"><\/div><h4 class=\"entry-title\"><a href=\"https:\/\/azuvi.argentacloud.com\/en\/azuvi-en-cersaie-2022\/\" title=\"AZUVI AT CERSAIE 2022\" rel=\"bookmark\">AZUVI AT CERSAIE 2022<\/a><\/h4><div class=\"entry-excerpt\">Azuvi's new collections on show at Cersaie 2022 Once again,&hellip;<\/div><\/div><\/div>\n<\/article>        <\/div>\n    <\/div>\n    \n    <\/div>\n\t\t<\/div>\n\t\t\t\t<\/div>\n\t\t\t\t<div class=\"elementor-element elementor-element-ad6817a active-object-fit active-object-fit-true noticias-second-row elementor-widget elementor-widget-lastudio-posts\" data-id=\"ad6817a\" data-element_type=\"widget\" data-widget_type=\"lastudio-posts.default\">\n\t\t\t\t<div class=\"elementor-widget-container\">\n\t\t\t\n<div id=\"lapost_ad6817a\" class=\"lastudio-posts layout-type-grid preset-grid-1 querycpt--post lastudio-posts--grid\">    <div class=\"lastudio-posts__list_wrapper\">\n        <div class=\"lastudio-posts__list grid-items block-grid-3 laptop-block-grid-3 tablet-block-grid-3 mobile-block-grid-3 xmobile-block-grid-3\" data-item_selector=\".loop__item\">\n        <article class=\"lastudio-posts__item loop__item grid-item has-post-thumbnail\">\n    <div class=\"lastudio-posts__inner-box\">            <div class=\"post-thumbnail\">\n                <a href=\"https:\/\/azuvi.argentacloud.com\/en\/lamiker-brand\/\" class=\"post-thumbnail__link\"><figure class=\"blog_item--thumbnail figure__object_fit\"><img decoding=\"async\" width=\"2560\" height=\"1886\" style=\"--img-height:1886px\" src=\"https:\/\/azuvi.argentacloud.com\/wp-content\/uploads\/2022\/11\/LAMIKER-scaled.jpg\" class=\"post-thumbnail__img wp-post-image la-lazyload-image wp-post-image\" alt=\"\" srcset=\"https:\/\/azuvi.argentacloud.com\/wp-content\/uploads\/2022\/11\/LAMIKER-scaled.jpg 2560w, https:\/\/azuvi.argentacloud.com\/wp-content\/uploads\/2022\/11\/LAMIKER-1536x1132.jpg 1536w, https:\/\/azuvi.argentacloud.com\/wp-content\/uploads\/2022\/11\/LAMIKER-2048x1509.jpg 2048w\" sizes=\"(max-width: 2560px) 100vw, 2560px\" \/><\/figure><\/a>\n            <\/div>\n            <div class=\"lastudio-posts__inner-content\"><div class=\"post-meta post-meta--top cat-is-hidden\"><\/div><h4 class=\"entry-title\"><a href=\"https:\/\/azuvi.argentacloud.com\/en\/lamiker-brand\/\" title=\"LAMIKER BRAND\" rel=\"bookmark\">LAMIKER BRAND<\/a><\/h4><div class=\"entry-excerpt\">LAMIKER BRAND Architecture and interior design are advancing at a&hellip;<\/div><\/div><\/div>\n<\/article><article class=\"lastudio-posts__item loop__item grid-item has-post-thumbnail\">\n    <div class=\"lastudio-posts__inner-box\">            <div class=\"post-thumbnail\">\n                <a href=\"https:\/\/azuvi.argentacloud.com\/en\/premio-nan-2019-arquitectura-y-construccion\/\" class=\"post-thumbnail__link\"><figure class=\"blog_item--thumbnail figure__object_fit\"><img decoding=\"async\" width=\"2560\" height=\"1886\" style=\"--img-height:1886px\" src=\"https:\/\/azuvi.argentacloud.com\/wp-content\/uploads\/2022\/06\/PREMIO-NAN-scaled.jpg\" class=\"post-thumbnail__img wp-post-image la-lazyload-image wp-post-image\" alt=\"\" srcset=\"https:\/\/azuvi.argentacloud.com\/wp-content\/uploads\/2022\/06\/PREMIO-NAN-scaled.jpg 2560w, https:\/\/azuvi.argentacloud.com\/wp-content\/uploads\/2022\/06\/PREMIO-NAN-1536x1132.jpg 1536w, https:\/\/azuvi.argentacloud.com\/wp-content\/uploads\/2022\/06\/PREMIO-NAN-2048x1509.jpg 2048w\" sizes=\"(max-width: 2560px) 100vw, 2560px\" \/><\/figure><\/a>\n            <\/div>\n            <div class=\"lastudio-posts__inner-content\"><div class=\"post-meta post-meta--top cat-is-hidden\"><\/div><h4 class=\"entry-title\"><a href=\"https:\/\/azuvi.argentacloud.com\/en\/premio-nan-2019-arquitectura-y-construccion\/\" title=\"NAN AWARD 2019 ARCHITECTURE AND CONSTRUCTION\" rel=\"bookmark\">NAN AWARD 2019 ARCHITECTURE AND CONSTRUCTION<\/a><\/h4><div class=\"entry-excerpt\">NAN AWARD 2019 ARCHITECTURE AND CONSTRUCTION For the thirteenth consecutive&hellip;<\/div><\/div><\/div>\n<\/article><article class=\"lastudio-posts__item loop__item grid-item has-post-thumbnail\">\n    <div class=\"lastudio-posts__inner-box\">            <div class=\"post-thumbnail\">\n                <a href=\"https:\/\/azuvi.argentacloud.com\/en\/cevisama-award-2019\/\" class=\"post-thumbnail__link\"><figure class=\"blog_item--thumbnail figure__object_fit\"><img loading=\"lazy\" decoding=\"async\" width=\"2560\" height=\"1886\" style=\"--img-height:1886px\" src=\"https:\/\/azuvi.argentacloud.com\/wp-content\/uploads\/2022\/11\/CEVISAMA-scaled.jpg\" class=\"post-thumbnail__img wp-post-image la-lazyload-image wp-post-image\" alt=\"\" srcset=\"https:\/\/azuvi.argentacloud.com\/wp-content\/uploads\/2022\/11\/CEVISAMA-scaled.jpg 2560w, https:\/\/azuvi.argentacloud.com\/wp-content\/uploads\/2022\/11\/CEVISAMA-1536x1132.jpg 1536w, https:\/\/azuvi.argentacloud.com\/wp-content\/uploads\/2022\/11\/CEVISAMA-2048x1509.jpg 2048w\" sizes=\"(max-width: 2560px) 100vw, 2560px\" \/><\/figure><\/a>\n            <\/div>\n            <div class=\"lastudio-posts__inner-content\"><div class=\"post-meta post-meta--top cat-is-hidden\"><\/div><h4 class=\"entry-title\"><a href=\"https:\/\/azuvi.argentacloud.com\/en\/cevisama-award-2019\/\" title=\"CEVISAMA AWARD 2019\" rel=\"bookmark\">CEVISAMA AWARD 2019<\/a><\/h4><div class=\"entry-excerpt\">CEVISAMA AWARD 2019 Cevisama, a fair in constant growth, manages&hellip;<\/div><\/div><\/div>\n<\/article>        <\/div>\n    <\/div>\n    \n    <\/div>\n\t\t<\/div>\n\t\t\t\t<\/div>\n\t\t\t\t\t<\/div>\n\t\t<\/div>\n\t\t\t\t\t\t\t<\/div>\n\t\t<\/div>\n\t\t\t\t\t\t\t<\/div>\n\t\t","protected":false},"excerpt":{"rendered":"<p>AZUVI AT CERSAIE 2022 Azuvi&#8217;s new collections on show at Cersaie 2022 Once again,&hellip; LAMIKER BRAND LAMIKER BRAND Architecture and interior design are advancing at a&hellip; NAN AWARD 2019 ARCHITECTURE AND CONSTRUCTION NAN AWARD 2019 ARCHITECTURE AND [&hellip;]<\/p>\n","protected":false},"author":1,"featured_media":0,"parent":0,"menu_order":0,"comment_status":"closed","ping_status":"closed","template":"","meta":{"footnotes":""},"class_list":["post-10752","page","type-page","status-publish","hentry"],"yoast_head":"<!-- This site is optimized with the Yoast SEO plugin v21.2 - https:\/\/yoast.com\/wordpress\/plugins\/seo\/ -->\n<title>News - Azuvi<\/title>\n<meta name=\"robots\" content=\"noindex, follow, max-snippet:-1, max-image-preview:large, max-video-preview:-1\" \/>\n<meta property=\"og:locale\" content=\"en_US\" \/>\n<meta property=\"og:type\" content=\"article\" \/>\n<meta property=\"og:title\" content=\"News - Azuvi\" \/>\n<meta property=\"og:description\" content=\"AZUVI AT CERSAIE 2022 Azuvi&#8217;s new collections on show at Cersaie 2022 Once again,&hellip; LAMIKER BRAND LAMIKER BRAND Architecture and interior design are advancing at a&hellip; NAN AWARD 2019 ARCHITECTURE AND CONSTRUCTION NAN AWARD 2019 ARCHITECTURE AND [&hellip;]\" \/>\n<meta property=\"og:url\" content=\"https:\/\/azuvi.argentacloud.com\/noticias\/\" \/>\n<meta property=\"og:site_name\" content=\"Azuvi\" \/>\n<meta property=\"article:modified_time\" content=\"2023-02-15T16:09:32+00:00\" \/>\n<meta property=\"og:image\" content=\"https:\/\/azuvi.argentacloud.com\/wp-content\/uploads\/2022\/11\/01-scaled.jpg\" \/>\n<meta name=\"twitter:card\" content=\"summary_large_image\" \/>\n<script type=\"application\/ld+json\" class=\"yoast-schema-graph\">{\"@context\":\"https:\/\/schema.org\",\"@graph\":[{\"@type\":\"WebPage\",\"@id\":\"https:\/\/azuvi.argentacloud.com\/noticias\/\",\"url\":\"https:\/\/azuvi.argentacloud.com\/noticias\/\",\"name\":\"News - Azuvi\",\"isPartOf\":{\"@id\":\"https:\/\/azuvi.argentacloud.com\/#website\"},\"datePublished\":\"2022-11-04T07:40:15+00:00\",\"dateModified\":\"2023-02-15T16:09:32+00:00\",\"breadcrumb\":{\"@id\":\"https:\/\/azuvi.argentacloud.com\/noticias\/#breadcrumb\"},\"inLanguage\":\"en-US\",\"potentialAction\":[{\"@type\":\"ReadAction\",\"target\":[\"https:\/\/azuvi.argentacloud.com\/noticias\/\"]}]},{\"@type\":\"BreadcrumbList\",\"@id\":\"https:\/\/azuvi.argentacloud.com\/noticias\/#breadcrumb\",\"itemListElement\":[{\"@type\":\"ListItem\",\"position\":1,\"name\":\"Portada\",\"item\":\"https:\/\/azuvi.argentacloud.com\/\"},{\"@type\":\"ListItem\",\"position\":2,\"name\":\"News\"}]},{\"@type\":\"WebSite\",\"@id\":\"https:\/\/azuvi.argentacloud.com\/#website\",\"url\":\"https:\/\/azuvi.argentacloud.com\/\",\"name\":\"Azuvi\",\"description\":\"Innovaci\u00f3n en dise\u00f1o cer\u00e1mico\",\"publisher\":{\"@id\":\"https:\/\/azuvi.argentacloud.com\/#organization\"},\"potentialAction\":[{\"@type\":\"SearchAction\",\"target\":{\"@type\":\"EntryPoint\",\"urlTemplate\":\"https:\/\/azuvi.argentacloud.com\/?s={search_term_string}\"},\"query-input\":\"required name=search_term_string\"}],\"inLanguage\":\"en-US\"},{\"@type\":\"Organization\",\"@id\":\"https:\/\/azuvi.argentacloud.com\/#organization\",\"name\":\"Azuvi\",\"url\":\"https:\/\/azuvi.argentacloud.com\/\",\"logo\":{\"@type\":\"ImageObject\",\"inLanguage\":\"en-US\",\"@id\":\"https:\/\/azuvi.argentacloud.com\/#\/schema\/logo\/image\/\",\"url\":\"https:\/\/azuvi.argentacloud.com\/wp-content\/uploads\/2023\/02\/AZUVI_LOGO-POSITIVO-scaled.jpg\",\"contentUrl\":\"https:\/\/azuvi.argentacloud.com\/wp-content\/uploads\/2023\/02\/AZUVI_LOGO-POSITIVO-scaled.jpg\",\"width\":2560,\"height\":982,\"caption\":\"Azuvi\"},\"image\":{\"@id\":\"https:\/\/azuvi.argentacloud.com\/#\/schema\/logo\/image\/\"}}]}<\/script>\n<!-- \/ Yoast SEO plugin. -->","yoast_head_json":{"title":"News - Azuvi","robots":{"index":"noindex","follow":"follow","max-snippet":"max-snippet:-1","max-image-preview":"max-image-preview:large","max-video-preview":"max-video-preview:-1"},"og_locale":"en_US","og_type":"article","og_title":"News - Azuvi","og_description":"AZUVI AT CERSAIE 2022 Azuvi&#8217;s new collections on show at Cersaie 2022 Once again,&hellip; LAMIKER BRAND LAMIKER BRAND Architecture and interior design are advancing at a&hellip; NAN AWARD 2019 ARCHITECTURE AND CONSTRUCTION NAN AWARD 2019 ARCHITECTURE AND [&hellip;]","og_url":"https:\/\/azuvi.argentacloud.com\/noticias\/","og_site_name":"Azuvi","article_modified_time":"2023-02-15T16:09:32+00:00","og_image":[{"url":"https:\/\/azuvi.argentacloud.com\/wp-content\/uploads\/2022\/11\/01-scaled.jpg"}],"twitter_card":"summary_large_image","schema":{"@context":"https:\/\/schema.org","@graph":[{"@type":"WebPage","@id":"https:\/\/azuvi.argentacloud.com\/noticias\/","url":"https:\/\/azuvi.argentacloud.com\/noticias\/","name":"News - Azuvi","isPartOf":{"@id":"https:\/\/azuvi.argentacloud.com\/#website"},"datePublished":"2022-11-04T07:40:15+00:00","dateModified":"2023-02-15T16:09:32+00:00","breadcrumb":{"@id":"https:\/\/azuvi.argentacloud.com\/noticias\/#breadcrumb"},"inLanguage":"en-US","potentialAction":[{"@type":"ReadAction","target":["https:\/\/azuvi.argentacloud.com\/noticias\/"]}]},{"@type":"BreadcrumbList","@id":"https:\/\/azuvi.argentacloud.com\/noticias\/#breadcrumb","itemListElement":[{"@type":"ListItem","position":1,"name":"Portada","item":"https:\/\/azuvi.argentacloud.com\/"},{"@type":"ListItem","position":2,"name":"News"}]},{"@type":"WebSite","@id":"https:\/\/azuvi.argentacloud.com\/#website","url":"https:\/\/azuvi.argentacloud.com\/","name":"Azuvi","description":"Innovaci\u00f3n en dise\u00f1o cer\u00e1mico","publisher":{"@id":"https:\/\/azuvi.argentacloud.com\/#organization"},"potentialAction":[{"@type":"SearchAction","target":{"@type":"EntryPoint","urlTemplate":"https:\/\/azuvi.argentacloud.com\/?s={search_term_string}"},"query-input":"required name=search_term_string"}],"inLanguage":"en-US"},{"@type":"Organization","@id":"https:\/\/azuvi.argentacloud.com\/#organization","name":"Azuvi","url":"https:\/\/azuvi.argentacloud.com\/","logo":{"@type":"ImageObject","inLanguage":"en-US","@id":"https:\/\/azuvi.argentacloud.com\/#\/schema\/logo\/image\/","url":"https:\/\/azuvi.argentacloud.com\/wp-content\/uploads\/2023\/02\/AZUVI_LOGO-POSITIVO-scaled.jpg","contentUrl":"https:\/\/azuvi.argentacloud.com\/wp-content\/uploads\/2023\/02\/AZUVI_LOGO-POSITIVO-scaled.jpg","width":2560,"height":982,"caption":"Azuvi"},"image":{"@id":"https:\/\/azuvi.argentacloud.com\/#\/schema\/logo\/image\/"}}]}},"_links":{"self":[{"href":"https:\/\/azuvi.argentacloud.com\/en\/wp-json\/wp\/v2\/pages\/10752","targetHints":{"allow":["GET"]}}],"collection":[{"href":"https:\/\/azuvi.argentacloud.com\/en\/wp-json\/wp\/v2\/pages"}],"about":[{"href":"https:\/\/azuvi.argentacloud.com\/en\/wp-json\/wp\/v2\/types\/page"}],"author":[{"embeddable":true,"href":"https:\/\/azuvi.argentacloud.com\/en\/wp-json\/wp\/v2\/users\/1"}],"replies":[{"embeddable":true,"href":"https:\/\/azuvi.argentacloud.com\/en\/wp-json\/wp\/v2\/comments?post=10752"}],"version-history":[{"count":13,"href":"https:\/\/azuvi.argentacloud.com\/en\/wp-json\/wp\/v2\/pages\/10752\/revisions"}],"predecessor-version":[{"id":12011,"href":"https:\/\/azuvi.argentacloud.com\/en\/wp-json\/wp\/v2\/pages\/10752\/revisions\/12011"}],"wp:attachment":[{"href":"https:\/\/azuvi.argentacloud.com\/en\/wp-json\/wp\/v2\/media?parent=10752"}],"curies":[{"name":"wp","href":"https:\/\/api.w.org\/{rel}","templated":true}]}}