
{"id":10660,"date":"2022-09-16T09:13:13","date_gmt":"2022-09-16T09:13:13","guid":{"rendered":"https:\/\/azuvi.atic.green\/descargas\/"},"modified":"2022-11-29T17:27:31","modified_gmt":"2022-11-29T17:27:31","slug":"downloads","status":"publish","type":"page","link":"https:\/\/azuvi.argentacloud.com\/en\/downloads\/","title":{"rendered":"Downloads"},"content":{"rendered":"\t\t<div data-elementor-type=\"wp-page\" data-elementor-id=\"10660\" class=\"elementor elementor-10660 elementor-8071\" data-elementor-post-type=\"page\">\n\t\t\t\t\t\t\t\t\t<div class=\"elementor-section elementor-top-section elementor-element elementor-element-483d4a9 elementor-section-height-min-height elementor-section-boxed elementor-section-height-default elementor-section-items-middle e-parent\" data-id=\"483d4a9\" data-element_type=\"section\">\n\t\t\t\t\t\t<div class=\"elementor-container elementor-column-gap-default\">\n\t\t\t\t\t<div class=\"elementor-column elementor-col-50 elementor-top-column elementor-element elementor-element-b0f8da2 lakit-col-width-auto-no\" data-id=\"b0f8da2\" data-element_type=\"column\">\n\t\t\t<div class=\"elementor-widget-wrap elementor-element-populated\">\n\t\t\t\t\t\t\t\t<div class=\"elementor-element elementor-element-a62192a lakit-css-transform-yes div-img-container-zoom-descargas elementor-widget elementor-widget-image\" data-id=\"a62192a\" data-element_type=\"widget\" data-widget_type=\"image.default\">\n\t\t\t\t<div class=\"elementor-widget-container\">\n\t\t\t<style>\/*! elementor - v3.18.0 - 08-12-2023 *\/\n.elementor-widget-image{text-align:center}.elementor-widget-image a{display:inline-block}.elementor-widget-image a img[src$=\".svg\"]{width:48px}.elementor-widget-image img{vertical-align:middle;display:inline-block}<\/style>\t\t\t\t\t\t\t\t\t\t\t\t<img fetchpriority=\"high\" decoding=\"async\" width=\"2559\" height=\"2252\" src=\"https:\/\/azuvi.argentacloud.com\/wp-content\/uploads\/2022\/09\/FOTO-CATALOGO-CUADRADA.jpg\" class=\"attachment-large size-large wp-image-8234\" alt=\"\" srcset=\"https:\/\/azuvi.argentacloud.com\/wp-content\/uploads\/2022\/09\/FOTO-CATALOGO-CUADRADA.jpg 2559w, https:\/\/azuvi.argentacloud.com\/wp-content\/uploads\/2022\/09\/FOTO-CATALOGO-CUADRADA-1536x1352.jpg 1536w, https:\/\/azuvi.argentacloud.com\/wp-content\/uploads\/2022\/09\/FOTO-CATALOGO-CUADRADA-2048x1802.jpg 2048w\" sizes=\"(max-width: 2559px) 100vw, 2559px\" \/>\t\t\t\t\t\t\t\t\t\t\t\t\t\t\t<\/div>\n\t\t\t\t<\/div>\n\t\t\t\t<div class=\"elementor-element elementor-element-45af482 elementor-widget elementor-widget-heading\" data-id=\"45af482\" data-element_type=\"widget\" data-widget_type=\"heading.default\">\n\t\t\t\t<div class=\"elementor-widget-container\">\n\t\t\t<style>\/*! elementor - v3.18.0 - 08-12-2023 *\/\n.elementor-heading-title{padding:0;margin:0;line-height:1}.elementor-widget-heading .elementor-heading-title[class*=elementor-size-]>a{color:inherit;font-size:inherit;line-height:inherit}.elementor-widget-heading .elementor-heading-title.elementor-size-small{font-size:15px}.elementor-widget-heading .elementor-heading-title.elementor-size-medium{font-size:19px}.elementor-widget-heading .elementor-heading-title.elementor-size-large{font-size:29px}.elementor-widget-heading .elementor-heading-title.elementor-size-xl{font-size:39px}.elementor-widget-heading .elementor-heading-title.elementor-size-xxl{font-size:59px}<\/style><h2 class=\"elementor-heading-title elementor-size-default\"><span style=\"font-style: normal; font-variant-ligatures: normal; font-variant-caps: normal; font-weight: 600; font-size: 20px; font-family: Avenir; color: #2B2E34; white-space: normal;\">Catalogues<\/span><br style=\"color: #2B2E34; font-family: Avenir; font-size: 17px; font-weight: 400; white-space: normal;\"><font color=\"#2B2E34\" face=\"Avenir\"><span style=\"font-size: 17px; font-weight: 400; white-space: normal;\">Access all our catalogues to discover all the &nbsp;<\/span><\/font><br><font color=\"#2B2E34\" face=\"Avenir\"><span style=\"font-size: 17px; font-weight: 400; white-space: normal;\">information you need about our collections.<\/span><\/font><\/h2>\t\t<\/div>\n\t\t\t\t<\/div>\n\t\t\t\t\t<\/div>\n\t\t<\/div>\n\t\t\t\t<div class=\"elementor-column elementor-col-50 elementor-top-column elementor-element elementor-element-477e4c9 lakit-col-width-auto-no\" data-id=\"477e4c9\" data-element_type=\"column\">\n\t\t\t<div class=\"elementor-widget-wrap elementor-element-populated\">\n\t\t\t\t\t\t\t\t<div class=\"elementor-element elementor-element-6ed77bc lakit-css-transform-yes div-img-container-zoom-descargas elementor-widget elementor-widget-image\" data-id=\"6ed77bc\" data-element_type=\"widget\" data-widget_type=\"image.default\">\n\t\t\t\t<div class=\"elementor-widget-container\">\n\t\t\t\t\t\t\t\t\t\t\t\t\t\t\t\t<a href=\"\/en\/packing-list\/videos\/\">\n\t\t\t\t\t\t\t<img decoding=\"async\" src=\"https:\/\/azuvi.argentacloud.com\/wp-content\/uploads\/elementor\/thumbs\/VIDEOS-pv4wkudi15894zjqnxl9bictti9aekmap246x5rleu.jpg\" title=\"VIDEOS\" alt=\"VIDEOS\" loading=\"lazy\" \/>\t\t\t\t\t\t\t\t<\/a>\n\t\t\t\t\t\t\t\t\t\t\t\t\t\t\t<\/div>\n\t\t\t\t<\/div>\n\t\t\t\t<div class=\"elementor-element elementor-element-5324071 elementor-widget elementor-widget-heading\" data-id=\"5324071\" data-element_type=\"widget\" data-widget_type=\"heading.default\">\n\t\t\t\t<div class=\"elementor-widget-container\">\n\t\t\t<h2 class=\"elementor-heading-title elementor-size-default\"><span style=\"font-style: normal; font-variant-ligatures: normal; font-variant-caps: normal; font-weight: 600; font-size: 20px; font-family: Avenir; color: #2B2E34; white-space: normal;\">Videos<\/span><br style=\"color: #2B2E34; font-family: Avenir; font-size: 17px; font-weight: 400; white-space: normal;\"><span style=\"color:#2B2E34; font-family: Avenir; font-size: 17px; font-style: normal; font-variant-ligatures: normal; font-variant-caps: normal; font-weight: 400; white-space: normal;\">Access all of AZUVI\u2019s videos.<\/span><br><br><\/h2>\t\t<\/div>\n\t\t\t\t<\/div>\n\t\t\t\t\t<\/div>\n\t\t<\/div>\n\t\t\t\t\t\t\t<\/div>\n\t\t<\/div>\n\t\t\t\t<div class=\"elementor-section elementor-top-section elementor-element elementor-element-1795e73 elementor-section-height-min-height elementor-section-boxed elementor-section-height-default elementor-section-items-middle e-parent\" data-id=\"1795e73\" data-element_type=\"section\">\n\t\t\t\t\t\t<div class=\"elementor-container elementor-column-gap-default\">\n\t\t\t\t\t<div class=\"elementor-column elementor-col-50 elementor-top-column elementor-element elementor-element-dde6f4e lakit-col-width-auto-no\" data-id=\"dde6f4e\" data-element_type=\"column\">\n\t\t\t<div class=\"elementor-widget-wrap elementor-element-populated\">\n\t\t\t\t\t\t\t\t<div class=\"elementor-element elementor-element-fce4415 lakit-css-transform-yes div-img-container-zoom-descargas elementor-widget elementor-widget-image\" data-id=\"fce4415\" data-element_type=\"widget\" data-widget_type=\"image.default\">\n\t\t\t\t<div class=\"elementor-widget-container\">\n\t\t\t\t\t\t\t\t\t\t\t\t\t\t\t<img decoding=\"async\" src=\"https:\/\/azuvi.argentacloud.com\/wp-content\/uploads\/elementor\/thumbs\/AREA-TECNICA-scaled-pv4winf232861qqfgzgli2a3x52gfzwue7belx0nxi.jpg\" title=\"AREA TECNICA\" alt=\"AREA TECNICA\" loading=\"lazy\" \/>\t\t\t\t\t\t\t\t\t\t\t\t\t\t\t<\/div>\n\t\t\t\t<\/div>\n\t\t\t\t<div class=\"elementor-element elementor-element-52a0227 elementor-widget elementor-widget-heading\" data-id=\"52a0227\" data-element_type=\"widget\" data-widget_type=\"heading.default\">\n\t\t\t\t<div class=\"elementor-widget-container\">\n\t\t\t<h2 class=\"elementor-heading-title elementor-size-default\"><font color=\"#2B2E34\" face=\"Avenir\"><span style=\"font-size: 20px; white-space: normal;\">Technical area<\/span><\/font><br style=\"color: #2B2E34; font-family: Avenir; font-size: 17px; font-weight: 400; white-space: normal;\"><font color=\"#2B2E34\" face=\"Avenir\"><span style=\"font-size: 17px; font-weight: 400; white-space: normal;\">Download all the technical data for our products<\/span><\/font><br><font color=\"#2B2E34\" face=\"Avenir\"><span style=\"font-size: 17px; font-weight: 400; white-space: normal;\">Packing, certificates, forms, etc.\n<\/span><\/font><\/h2>\t\t<\/div>\n\t\t\t\t<\/div>\n\t\t\t\t<div class=\"elementor-element elementor-element-5d2ae7c elementor-widget elementor-widget-text-editor\" data-id=\"5d2ae7c\" data-element_type=\"widget\" data-widget_type=\"text-editor.default\">\n\t\t\t\t<div class=\"elementor-widget-container\">\n\t\t\t<style>\/*! elementor - v3.18.0 - 08-12-2023 *\/\n.elementor-widget-text-editor.elementor-drop-cap-view-stacked .elementor-drop-cap{background-color:#69727d;color:#fff}.elementor-widget-text-editor.elementor-drop-cap-view-framed .elementor-drop-cap{color:#69727d;border:3px solid;background-color:transparent}.elementor-widget-text-editor:not(.elementor-drop-cap-view-default) .elementor-drop-cap{margin-top:8px}.elementor-widget-text-editor:not(.elementor-drop-cap-view-default) .elementor-drop-cap-letter{width:1em;height:1em}.elementor-widget-text-editor .elementor-drop-cap{float:left;text-align:center;line-height:1;font-size:50px}.elementor-widget-text-editor .elementor-drop-cap-letter{display:inline-block}<\/style>\t\t\t\t\t\t\t\t\t\t<\/div>\n\t\t\t\t<\/div>\n\t\t\t\t\t<\/div>\n\t\t<\/div>\n\t\t\t\t<div class=\"elementor-column elementor-col-50 elementor-top-column elementor-element elementor-element-fe72334 lakit-col-width-auto-no\" data-id=\"fe72334\" data-element_type=\"column\">\n\t\t\t<div class=\"elementor-widget-wrap elementor-element-populated\">\n\t\t\t\t\t\t\t\t<div class=\"elementor-element elementor-element-1ce679e lakit-css-transform-yes div-img-container-zoom-descargas elementor-widget elementor-widget-image\" data-id=\"1ce679e\" data-element_type=\"widget\" data-widget_type=\"image.default\">\n\t\t\t\t<div class=\"elementor-widget-container\">\n\t\t\t\t\t\t\t\t\t\t\t\t\t\t\t<img decoding=\"async\" width=\"1417\" height=\"2421\" src=\"https:\/\/azuvi.argentacloud.com\/wp-content\/uploads\/2022\/09\/INFO-CORPORATIVA.jpg\" class=\"attachment-large size-large wp-image-8237\" alt=\"\" srcset=\"https:\/\/azuvi.argentacloud.com\/wp-content\/uploads\/2022\/09\/INFO-CORPORATIVA.jpg 1417w, https:\/\/azuvi.argentacloud.com\/wp-content\/uploads\/2022\/09\/INFO-CORPORATIVA-899x1536.jpg 899w, https:\/\/azuvi.argentacloud.com\/wp-content\/uploads\/2022\/09\/INFO-CORPORATIVA-1199x2048.jpg 1199w\" sizes=\"(max-width: 1417px) 100vw, 1417px\" \/>\t\t\t\t\t\t\t\t\t\t\t\t\t\t\t<\/div>\n\t\t\t\t<\/div>\n\t\t\t\t<div class=\"elementor-element elementor-element-26fa938 elementor-widget elementor-widget-heading\" data-id=\"26fa938\" data-element_type=\"widget\" data-widget_type=\"heading.default\">\n\t\t\t\t<div class=\"elementor-widget-container\">\n\t\t\t<h2 class=\"elementor-heading-title elementor-size-default\"><font color=\"#2B2E34\" face=\"Avenir\"><span style=\"font-size: 20px; white-space: normal;\">Corporate info\n<\/span><\/font><br style=\"color: #2B2E34; font-family: Avenir; font-size: 17px; font-weight: 400; white-space: normal;\"><span style=\"color: #2B2E34; font-family: Avenir; font-size: 17px; font-style: normal; font-variant-ligatures: normal; font-variant-caps: normal; font-weight: 400; white-space: normal;\">Todo lo que necesitas saber sobre nosotros<\/span><br style=\"color: #2B2E34; font-family: Avenir; font-size: 17px; font-weight: 400; white-space: normal;\"><font color=\"#2b2e34\" face=\"Avenir\"><span style=\"font-size: 17px; font-weight: 400; white-space: normal;\">puedes encontrarlo aqu\u00ed.<\/span><\/font><\/h2>\t\t<\/div>\n\t\t\t\t<\/div>\n\t\t\t\t<div class=\"elementor-element elementor-element-8ad2cd6 elementor-widget elementor-widget-text-editor\" data-id=\"8ad2cd6\" data-element_type=\"widget\" data-widget_type=\"text-editor.default\">\n\t\t\t\t<div class=\"elementor-widget-container\">\n\t\t\t\t\t\t\t\t\t\t\t\t\t<\/div>\n\t\t\t\t<\/div>\n\t\t\t\t\t<\/div>\n\t\t<\/div>\n\t\t\t\t\t\t\t<\/div>\n\t\t<\/div>\n\t\t\t\t\t\t\t<\/div>\n\t\t","protected":false},"excerpt":{"rendered":"<p>CataloguesAccess all our catalogues to discover all the &nbsp;information you need about our collections. VideosAccess all of AZUVI\u2019s videos. Technical areaDownload all the technical data for our productsPacking, certificates, forms, etc. Corporate info Todo lo que necesitas [&hellip;]<\/p>\n","protected":false},"author":1,"featured_media":0,"parent":0,"menu_order":0,"comment_status":"closed","ping_status":"closed","template":"","meta":{"footnotes":""},"class_list":["post-10660","page","type-page","status-publish","hentry"],"yoast_head":"<!-- This site is optimized with the Yoast SEO plugin v21.2 - https:\/\/yoast.com\/wordpress\/plugins\/seo\/ -->\n<title>Downloads - Azuvi<\/title>\n<meta name=\"robots\" content=\"noindex, follow, max-snippet:-1, max-image-preview:large, max-video-preview:-1\" \/>\n<meta property=\"og:locale\" content=\"en_US\" \/>\n<meta property=\"og:type\" content=\"article\" \/>\n<meta property=\"og:title\" content=\"Downloads - Azuvi\" \/>\n<meta property=\"og:description\" content=\"CataloguesAccess all our catalogues to discover all the &nbsp;information you need about our collections. VideosAccess all of AZUVI\u2019s videos. Technical areaDownload all the technical data for our productsPacking, certificates, forms, etc. Corporate info Todo lo que necesitas [&hellip;]\" \/>\n<meta property=\"og:url\" content=\"https:\/\/azuvi.argentacloud.com\/descargas\/\" \/>\n<meta property=\"og:site_name\" content=\"Azuvi\" \/>\n<meta property=\"article:modified_time\" content=\"2022-11-29T17:27:31+00:00\" \/>\n<meta property=\"og:image\" content=\"https:\/\/azuvi.argentacloud.com\/wp-content\/uploads\/2022\/09\/FOTO-CATALOGO-CUADRADA.jpg\" \/>\n<meta name=\"twitter:card\" content=\"summary_large_image\" \/>\n<script type=\"application\/ld+json\" class=\"yoast-schema-graph\">{\"@context\":\"https:\/\/schema.org\",\"@graph\":[{\"@type\":\"WebPage\",\"@id\":\"https:\/\/azuvi.argentacloud.com\/descargas\/\",\"url\":\"https:\/\/azuvi.argentacloud.com\/descargas\/\",\"name\":\"Downloads - Azuvi\",\"isPartOf\":{\"@id\":\"https:\/\/azuvi.argentacloud.com\/#website\"},\"datePublished\":\"2022-09-16T09:13:13+00:00\",\"dateModified\":\"2022-11-29T17:27:31+00:00\",\"breadcrumb\":{\"@id\":\"https:\/\/azuvi.argentacloud.com\/descargas\/#breadcrumb\"},\"inLanguage\":\"en-US\",\"potentialAction\":[{\"@type\":\"ReadAction\",\"target\":[\"https:\/\/azuvi.argentacloud.com\/descargas\/\"]}]},{\"@type\":\"BreadcrumbList\",\"@id\":\"https:\/\/azuvi.argentacloud.com\/descargas\/#breadcrumb\",\"itemListElement\":[{\"@type\":\"ListItem\",\"position\":1,\"name\":\"Portada\",\"item\":\"https:\/\/azuvi.argentacloud.com\/\"},{\"@type\":\"ListItem\",\"position\":2,\"name\":\"Downloads\"}]},{\"@type\":\"WebSite\",\"@id\":\"https:\/\/azuvi.argentacloud.com\/#website\",\"url\":\"https:\/\/azuvi.argentacloud.com\/\",\"name\":\"Azuvi\",\"description\":\"Innovaci\u00f3n en dise\u00f1o cer\u00e1mico\",\"publisher\":{\"@id\":\"https:\/\/azuvi.argentacloud.com\/#organization\"},\"potentialAction\":[{\"@type\":\"SearchAction\",\"target\":{\"@type\":\"EntryPoint\",\"urlTemplate\":\"https:\/\/azuvi.argentacloud.com\/?s={search_term_string}\"},\"query-input\":\"required name=search_term_string\"}],\"inLanguage\":\"en-US\"},{\"@type\":\"Organization\",\"@id\":\"https:\/\/azuvi.argentacloud.com\/#organization\",\"name\":\"Azuvi\",\"url\":\"https:\/\/azuvi.argentacloud.com\/\",\"logo\":{\"@type\":\"ImageObject\",\"inLanguage\":\"en-US\",\"@id\":\"https:\/\/azuvi.argentacloud.com\/#\/schema\/logo\/image\/\",\"url\":\"https:\/\/azuvi.argentacloud.com\/wp-content\/uploads\/2023\/02\/AZUVI_LOGO-POSITIVO-scaled.jpg\",\"contentUrl\":\"https:\/\/azuvi.argentacloud.com\/wp-content\/uploads\/2023\/02\/AZUVI_LOGO-POSITIVO-scaled.jpg\",\"width\":2560,\"height\":982,\"caption\":\"Azuvi\"},\"image\":{\"@id\":\"https:\/\/azuvi.argentacloud.com\/#\/schema\/logo\/image\/\"}}]}<\/script>\n<!-- \/ Yoast SEO plugin. -->","yoast_head_json":{"title":"Downloads - Azuvi","robots":{"index":"noindex","follow":"follow","max-snippet":"max-snippet:-1","max-image-preview":"max-image-preview:large","max-video-preview":"max-video-preview:-1"},"og_locale":"en_US","og_type":"article","og_title":"Downloads - Azuvi","og_description":"CataloguesAccess all our catalogues to discover all the &nbsp;information you need about our collections. VideosAccess all of AZUVI\u2019s videos. Technical areaDownload all the technical data for our productsPacking, certificates, forms, etc. Corporate info Todo lo que necesitas [&hellip;]","og_url":"https:\/\/azuvi.argentacloud.com\/descargas\/","og_site_name":"Azuvi","article_modified_time":"2022-11-29T17:27:31+00:00","og_image":[{"url":"https:\/\/azuvi.argentacloud.com\/wp-content\/uploads\/2022\/09\/FOTO-CATALOGO-CUADRADA.jpg"}],"twitter_card":"summary_large_image","schema":{"@context":"https:\/\/schema.org","@graph":[{"@type":"WebPage","@id":"https:\/\/azuvi.argentacloud.com\/descargas\/","url":"https:\/\/azuvi.argentacloud.com\/descargas\/","name":"Downloads - Azuvi","isPartOf":{"@id":"https:\/\/azuvi.argentacloud.com\/#website"},"datePublished":"2022-09-16T09:13:13+00:00","dateModified":"2022-11-29T17:27:31+00:00","breadcrumb":{"@id":"https:\/\/azuvi.argentacloud.com\/descargas\/#breadcrumb"},"inLanguage":"en-US","potentialAction":[{"@type":"ReadAction","target":["https:\/\/azuvi.argentacloud.com\/descargas\/"]}]},{"@type":"BreadcrumbList","@id":"https:\/\/azuvi.argentacloud.com\/descargas\/#breadcrumb","itemListElement":[{"@type":"ListItem","position":1,"name":"Portada","item":"https:\/\/azuvi.argentacloud.com\/"},{"@type":"ListItem","position":2,"name":"Downloads"}]},{"@type":"WebSite","@id":"https:\/\/azuvi.argentacloud.com\/#website","url":"https:\/\/azuvi.argentacloud.com\/","name":"Azuvi","description":"Innovaci\u00f3n en dise\u00f1o cer\u00e1mico","publisher":{"@id":"https:\/\/azuvi.argentacloud.com\/#organization"},"potentialAction":[{"@type":"SearchAction","target":{"@type":"EntryPoint","urlTemplate":"https:\/\/azuvi.argentacloud.com\/?s={search_term_string}"},"query-input":"required name=search_term_string"}],"inLanguage":"en-US"},{"@type":"Organization","@id":"https:\/\/azuvi.argentacloud.com\/#organization","name":"Azuvi","url":"https:\/\/azuvi.argentacloud.com\/","logo":{"@type":"ImageObject","inLanguage":"en-US","@id":"https:\/\/azuvi.argentacloud.com\/#\/schema\/logo\/image\/","url":"https:\/\/azuvi.argentacloud.com\/wp-content\/uploads\/2023\/02\/AZUVI_LOGO-POSITIVO-scaled.jpg","contentUrl":"https:\/\/azuvi.argentacloud.com\/wp-content\/uploads\/2023\/02\/AZUVI_LOGO-POSITIVO-scaled.jpg","width":2560,"height":982,"caption":"Azuvi"},"image":{"@id":"https:\/\/azuvi.argentacloud.com\/#\/schema\/logo\/image\/"}}]}},"_links":{"self":[{"href":"https:\/\/azuvi.argentacloud.com\/en\/wp-json\/wp\/v2\/pages\/10660","targetHints":{"allow":["GET"]}}],"collection":[{"href":"https:\/\/azuvi.argentacloud.com\/en\/wp-json\/wp\/v2\/pages"}],"about":[{"href":"https:\/\/azuvi.argentacloud.com\/en\/wp-json\/wp\/v2\/types\/page"}],"author":[{"embeddable":true,"href":"https:\/\/azuvi.argentacloud.com\/en\/wp-json\/wp\/v2\/users\/1"}],"replies":[{"embeddable":true,"href":"https:\/\/azuvi.argentacloud.com\/en\/wp-json\/wp\/v2\/comments?post=10660"}],"version-history":[{"count":25,"href":"https:\/\/azuvi.argentacloud.com\/en\/wp-json\/wp\/v2\/pages\/10660\/revisions"}],"predecessor-version":[{"id":11353,"href":"https:\/\/azuvi.argentacloud.com\/en\/wp-json\/wp\/v2\/pages\/10660\/revisions\/11353"}],"wp:attachment":[{"href":"https:\/\/azuvi.argentacloud.com\/en\/wp-json\/wp\/v2\/media?parent=10660"}],"curies":[{"name":"wp","href":"https:\/\/api.w.org\/{rel}","templated":true}]}}