
{"id":10648,"date":"2022-09-16T10:00:39","date_gmt":"2022-09-16T10:00:39","guid":{"rendered":"https:\/\/azuvi.atic.green\/private-area\/"},"modified":"2025-04-17T08:27:28","modified_gmt":"2025-04-17T08:27:28","slug":"private-area","status":"publish","type":"page","link":"https:\/\/azuvi.argentacloud.com\/en\/private-area\/","title":{"rendered":"Private area"},"content":{"rendered":"\t\t<div data-elementor-type=\"wp-page\" data-elementor-id=\"10648\" class=\"elementor elementor-10648 elementor-8100\" data-elementor-post-type=\"page\">\n\t\t\t\t\t\t\t\t\t<div class=\"elementor-section elementor-top-section elementor-element elementor-element-ac4cbfe elementor-section-full_width elementor-section-height-full elementor-section-height-default elementor-section-items-middle e-parent\" data-id=\"ac4cbfe\" data-element_type=\"section\">\n\t\t\t\t\t\t\t<div class=\"elementor-background-overlay\"><\/div>\n\t\t\t\t\t\t\t<div class=\"elementor-container elementor-column-gap-default\">\n\t\t\t\t\t<div class=\"elementor-column elementor-col-33 elementor-top-column elementor-element elementor-element-dbcfcc6 lakit-col-width-auto-no\" data-id=\"dbcfcc6\" data-element_type=\"column\">\n\t\t\t<div class=\"elementor-widget-wrap\">\n\t\t\t\t\t\t\t\t\t<\/div>\n\t\t<\/div>\n\t\t\t\t<div class=\"elementor-column elementor-col-33 elementor-top-column elementor-element elementor-element-0b3ef90 lakit-col-width-auto-no\" data-id=\"0b3ef90\" data-element_type=\"column\">\n\t\t\t<div class=\"elementor-widget-wrap elementor-element-populated\">\n\t\t\t\t\t\t\t\t<div class=\"elementor-element elementor-element-9a1d543 elementor-widget elementor-widget-heading\" data-id=\"9a1d543\" data-element_type=\"widget\" data-widget_type=\"heading.default\">\n\t\t\t\t<div class=\"elementor-widget-container\">\n\t\t\t<style>\/*! elementor - v3.18.0 - 08-12-2023 *\/\n.elementor-heading-title{padding:0;margin:0;line-height:1}.elementor-widget-heading .elementor-heading-title[class*=elementor-size-]>a{color:inherit;font-size:inherit;line-height:inherit}.elementor-widget-heading .elementor-heading-title.elementor-size-small{font-size:15px}.elementor-widget-heading .elementor-heading-title.elementor-size-medium{font-size:19px}.elementor-widget-heading .elementor-heading-title.elementor-size-large{font-size:29px}.elementor-widget-heading .elementor-heading-title.elementor-size-xl{font-size:39px}.elementor-widget-heading .elementor-heading-title.elementor-size-xxl{font-size:59px}<\/style><h2 class=\"elementor-heading-title elementor-size-default\">Hello,<\/h2>\t\t<\/div>\n\t\t\t\t<\/div>\n\t\t\t\t<div class=\"elementor-element elementor-element-c102071 elementor-widget elementor-widget-heading\" data-id=\"c102071\" data-element_type=\"widget\" data-widget_type=\"heading.default\">\n\t\t\t\t<div class=\"elementor-widget-container\">\n\t\t\t<h2 class=\"elementor-heading-title elementor-size-default\">Welcome to Azuvi's private area<\/h2>\t\t<\/div>\n\t\t\t\t<\/div>\n\t\t\t\t<div class=\"elementor-element elementor-element-f740a70 elementor-widget elementor-widget-shortcode\" data-id=\"f740a70\" data-element_type=\"widget\" data-settings=\"{&quot;motion_fx_motion_fx_scrolling&quot;:&quot;yes&quot;,&quot;motion_fx_translateY_effect&quot;:&quot;yes&quot;,&quot;motion_fx_translateY_speed&quot;:{&quot;unit&quot;:&quot;px&quot;,&quot;size&quot;:4,&quot;sizes&quot;:[]},&quot;motion_fx_translateY_affectedRange&quot;:{&quot;unit&quot;:&quot;%&quot;,&quot;size&quot;:&quot;&quot;,&quot;sizes&quot;:{&quot;start&quot;:0,&quot;end&quot;:100}},&quot;motion_fx_devices&quot;:[&quot;desktop&quot;,&quot;laptop&quot;,&quot;tablet&quot;,&quot;mobile_extra&quot;,&quot;mobile&quot;]}\" data-widget_type=\"shortcode.default\">\n\t\t\t\t<div class=\"elementor-widget-container\">\n\t\t\t\t\t<div class=\"elementor-shortcode\"><\/div>\n\t\t\t\t<\/div>\n\t\t\t\t<\/div>\n\t\t\t\t<div class=\"elementor-element elementor-element-7b9e65f elementor-widget lastudio-kit elementor-lakit-login-frm\" data-id=\"7b9e65f\" data-element_type=\"widget\" data-widget_type=\"lakit-login-frm.default\">\n\t\t\t\t<div class=\"elementor-widget-container\">\n\t\t\t<style>.lakit-login label{display:block;margin-bottom:0.5em}.lakit-login-lost-password-link{display:inline-block;margin-top:15px}.lakit-login-message{margin-top:15px;margin-bottom:15px;color:#f00;font-size:0.875em}.lakit-login-lost-password-link+.lakit-login-message a{display:none}<\/style><div class=\"lakit-login\"><form name=\"loginform\" id=\"loginform\"  method=\"post\"><p class=\"login-username\">\n\t\t\t\t<label for=\"user_login\">E-Mail<\/label>\n\t\t\t\t<input type=\"text\" name=\"log\" id=\"user_login\" placeholder=\"Username or Email\" autocomplete=\"username\" class=\"input\" value=\"\" size=\"20\" \/>\n\t\t\t<\/p><p class=\"login-password\">\n\t\t\t\t<label for=\"user_pass\">Password<\/label>\n\t\t\t\t<input type=\"password\" name=\"pwd\" id=\"user_pass\" placeholder=\"Password\" autocomplete=\"current-password\" spellcheck=\"false\" class=\"input\" value=\"\" size=\"20\" \/>\n\t\t\t<\/p><p class=\"login-remember\"><a class=\"lakit-login-lost-password-link\" href=\"https:\/\/azuvi.argentacloud.com\/en\/private-area\/lost-password\/\">Forgot your password?<\/a><label><input name=\"rememberme\" type=\"checkbox\" id=\"rememberme\" value=\"forever\" \/> Remember password<\/label><\/p><p class=\"login-submit\">\n\t\t\t\t<input type=\"submit\" name=\"wp-submit\" id=\"wp-submit\" class=\"button button-primary\" value=\"Log In\" \/>\n\t\t\t\t<input type=\"hidden\" name=\"redirect_to\" value=\"\/mi-cuenta\/\" \/>\n\t\t\t<\/p><input type=\"hidden\" name=\"lakit_login\" value=\"1\"><\/form><\/div>\t\t<\/div>\n\t\t\t\t<\/div>\n\t\t\t\t<div class=\"elementor-element elementor-element-697d4e8 elementor-widget elementor-widget-heading\" data-id=\"697d4e8\" data-element_type=\"widget\" data-widget_type=\"heading.default\">\n\t\t\t\t<div class=\"elementor-widget-container\">\n\t\t\t<h2 class=\"elementor-heading-title elementor-size-default\">If you have not registered yet, <a class=\"enlace-registro\" href=\"https:\/\/azuvi.argentacloud.com\/en\/registration\/\">register here<\/a><\/h2>\t\t<\/div>\n\t\t\t\t<\/div>\n\t\t\t\t<div class=\"elementor-element elementor-element-827b34b elementor-align-center elementor-hidden-desktop elementor-hidden-laptop elementor-hidden-tablet elementor-hidden-mobile_extra elementor-hidden-mobile elementor-widget elementor-widget-button\" data-id=\"827b34b\" data-element_type=\"widget\" data-widget_type=\"button.default\">\n\t\t\t\t<div class=\"elementor-widget-container\">\n\t\t\t\t\t<div class=\"elementor-button-wrapper\">\n\t\t\t<a class=\"elementor-button elementor-button-link elementor-size-sm\" href=\"https:\/\/azuvi.argentacloud.com\/en\/registration\/\">\n\t\t\t\t\t\t<span class=\"elementor-button-content-wrapper\">\n\t\t\t\t\t\t<span class=\"elementor-button-text\">Register<\/span>\n\t\t<\/span>\n\t\t\t\t\t<\/a>\n\t\t<\/div>\n\t\t\t\t<\/div>\n\t\t\t\t<\/div>\n\t\t\t\t\t<\/div>\n\t\t<\/div>\n\t\t\t\t<div class=\"elementor-column elementor-col-33 elementor-top-column elementor-element elementor-element-533eeb5 lakit-col-width-auto-no\" data-id=\"533eeb5\" data-element_type=\"column\">\n\t\t\t<div class=\"elementor-widget-wrap\">\n\t\t\t\t\t\t\t\t\t<\/div>\n\t\t<\/div>\n\t\t\t\t\t\t\t<\/div>\n\t\t<\/div>\n\t\t\t\t\t\t\t<\/div>\n\t\t","protected":false},"excerpt":{"rendered":"<p>Hello, Welcome to Azuvi&#8217;s private area E-Mail Password Forgot your password? Remember password If you have not registered yet, register here Register<\/p>\n","protected":false},"author":1,"featured_media":0,"parent":0,"menu_order":0,"comment_status":"closed","ping_status":"closed","template":"","meta":{"footnotes":""},"class_list":["post-10648","page","type-page","status-publish","hentry"],"yoast_head":"<!-- This site is optimized with the Yoast SEO plugin v21.2 - https:\/\/yoast.com\/wordpress\/plugins\/seo\/ -->\n<title>Private area - Azuvi<\/title>\n<meta name=\"robots\" content=\"noindex, follow, max-snippet:-1, max-image-preview:large, max-video-preview:-1\" \/>\n<meta property=\"og:locale\" content=\"en_US\" \/>\n<meta property=\"og:type\" content=\"article\" \/>\n<meta property=\"og:title\" content=\"Private area - Azuvi\" \/>\n<meta property=\"og:description\" content=\"Hello, Welcome to Azuvi&#8217;s private area E-Mail Password Forgot your password? Remember password If you have not registered yet, register here Register\" \/>\n<meta property=\"og:url\" content=\"https:\/\/azuvi.argentacloud.com\/en\/private-area\/\" \/>\n<meta property=\"og:site_name\" content=\"Azuvi\" \/>\n<meta property=\"article:modified_time\" content=\"2025-04-17T08:27:28+00:00\" \/>\n<meta name=\"twitter:card\" content=\"summary_large_image\" \/>\n<meta name=\"twitter:label1\" content=\"Est. reading time\" \/>\n\t<meta name=\"twitter:data1\" content=\"1 minute\" \/>\n<script type=\"application\/ld+json\" class=\"yoast-schema-graph\">{\"@context\":\"https:\/\/schema.org\",\"@graph\":[{\"@type\":\"WebPage\",\"@id\":\"https:\/\/azuvi.argentacloud.com\/en\/private-area\/\",\"url\":\"https:\/\/azuvi.argentacloud.com\/en\/private-area\/\",\"name\":\"Private area - Azuvi\",\"isPartOf\":{\"@id\":\"https:\/\/azuvi.argentacloud.com\/#website\"},\"datePublished\":\"2022-09-16T10:00:39+00:00\",\"dateModified\":\"2025-04-17T08:27:28+00:00\",\"breadcrumb\":{\"@id\":\"https:\/\/azuvi.argentacloud.com\/en\/private-area\/#breadcrumb\"},\"inLanguage\":\"en-US\",\"potentialAction\":[{\"@type\":\"ReadAction\",\"target\":[\"https:\/\/azuvi.argentacloud.com\/en\/private-area\/\"]}]},{\"@type\":\"BreadcrumbList\",\"@id\":\"https:\/\/azuvi.argentacloud.com\/en\/private-area\/#breadcrumb\",\"itemListElement\":[{\"@type\":\"ListItem\",\"position\":1,\"name\":\"Portada\",\"item\":\"https:\/\/azuvi.argentacloud.com\/\"},{\"@type\":\"ListItem\",\"position\":2,\"name\":\"Private area\"}]},{\"@type\":\"WebSite\",\"@id\":\"https:\/\/azuvi.argentacloud.com\/#website\",\"url\":\"https:\/\/azuvi.argentacloud.com\/\",\"name\":\"Azuvi\",\"description\":\"Innovaci\u00f3n en dise\u00f1o cer\u00e1mico\",\"publisher\":{\"@id\":\"https:\/\/azuvi.argentacloud.com\/#organization\"},\"potentialAction\":[{\"@type\":\"SearchAction\",\"target\":{\"@type\":\"EntryPoint\",\"urlTemplate\":\"https:\/\/azuvi.argentacloud.com\/?s={search_term_string}\"},\"query-input\":\"required name=search_term_string\"}],\"inLanguage\":\"en-US\"},{\"@type\":\"Organization\",\"@id\":\"https:\/\/azuvi.argentacloud.com\/#organization\",\"name\":\"Azuvi\",\"url\":\"https:\/\/azuvi.argentacloud.com\/\",\"logo\":{\"@type\":\"ImageObject\",\"inLanguage\":\"en-US\",\"@id\":\"https:\/\/azuvi.argentacloud.com\/#\/schema\/logo\/image\/\",\"url\":\"https:\/\/azuvi.argentacloud.com\/wp-content\/uploads\/2023\/02\/AZUVI_LOGO-POSITIVO-scaled.jpg\",\"contentUrl\":\"https:\/\/azuvi.argentacloud.com\/wp-content\/uploads\/2023\/02\/AZUVI_LOGO-POSITIVO-scaled.jpg\",\"width\":2560,\"height\":982,\"caption\":\"Azuvi\"},\"image\":{\"@id\":\"https:\/\/azuvi.argentacloud.com\/#\/schema\/logo\/image\/\"}}]}<\/script>\n<!-- \/ Yoast SEO plugin. -->","yoast_head_json":{"title":"Private area - Azuvi","robots":{"index":"noindex","follow":"follow","max-snippet":"max-snippet:-1","max-image-preview":"max-image-preview:large","max-video-preview":"max-video-preview:-1"},"og_locale":"en_US","og_type":"article","og_title":"Private area - Azuvi","og_description":"Hello, Welcome to Azuvi&#8217;s private area E-Mail Password Forgot your password? Remember password If you have not registered yet, register here Register","og_url":"https:\/\/azuvi.argentacloud.com\/en\/private-area\/","og_site_name":"Azuvi","article_modified_time":"2025-04-17T08:27:28+00:00","twitter_card":"summary_large_image","twitter_misc":{"Est. reading time":"1 minute"},"schema":{"@context":"https:\/\/schema.org","@graph":[{"@type":"WebPage","@id":"https:\/\/azuvi.argentacloud.com\/en\/private-area\/","url":"https:\/\/azuvi.argentacloud.com\/en\/private-area\/","name":"Private area - Azuvi","isPartOf":{"@id":"https:\/\/azuvi.argentacloud.com\/#website"},"datePublished":"2022-09-16T10:00:39+00:00","dateModified":"2025-04-17T08:27:28+00:00","breadcrumb":{"@id":"https:\/\/azuvi.argentacloud.com\/en\/private-area\/#breadcrumb"},"inLanguage":"en-US","potentialAction":[{"@type":"ReadAction","target":["https:\/\/azuvi.argentacloud.com\/en\/private-area\/"]}]},{"@type":"BreadcrumbList","@id":"https:\/\/azuvi.argentacloud.com\/en\/private-area\/#breadcrumb","itemListElement":[{"@type":"ListItem","position":1,"name":"Portada","item":"https:\/\/azuvi.argentacloud.com\/"},{"@type":"ListItem","position":2,"name":"Private area"}]},{"@type":"WebSite","@id":"https:\/\/azuvi.argentacloud.com\/#website","url":"https:\/\/azuvi.argentacloud.com\/","name":"Azuvi","description":"Innovaci\u00f3n en dise\u00f1o cer\u00e1mico","publisher":{"@id":"https:\/\/azuvi.argentacloud.com\/#organization"},"potentialAction":[{"@type":"SearchAction","target":{"@type":"EntryPoint","urlTemplate":"https:\/\/azuvi.argentacloud.com\/?s={search_term_string}"},"query-input":"required name=search_term_string"}],"inLanguage":"en-US"},{"@type":"Organization","@id":"https:\/\/azuvi.argentacloud.com\/#organization","name":"Azuvi","url":"https:\/\/azuvi.argentacloud.com\/","logo":{"@type":"ImageObject","inLanguage":"en-US","@id":"https:\/\/azuvi.argentacloud.com\/#\/schema\/logo\/image\/","url":"https:\/\/azuvi.argentacloud.com\/wp-content\/uploads\/2023\/02\/AZUVI_LOGO-POSITIVO-scaled.jpg","contentUrl":"https:\/\/azuvi.argentacloud.com\/wp-content\/uploads\/2023\/02\/AZUVI_LOGO-POSITIVO-scaled.jpg","width":2560,"height":982,"caption":"Azuvi"},"image":{"@id":"https:\/\/azuvi.argentacloud.com\/#\/schema\/logo\/image\/"}}]}},"_links":{"self":[{"href":"https:\/\/azuvi.argentacloud.com\/en\/wp-json\/wp\/v2\/pages\/10648","targetHints":{"allow":["GET"]}}],"collection":[{"href":"https:\/\/azuvi.argentacloud.com\/en\/wp-json\/wp\/v2\/pages"}],"about":[{"href":"https:\/\/azuvi.argentacloud.com\/en\/wp-json\/wp\/v2\/types\/page"}],"author":[{"embeddable":true,"href":"https:\/\/azuvi.argentacloud.com\/en\/wp-json\/wp\/v2\/users\/1"}],"replies":[{"embeddable":true,"href":"https:\/\/azuvi.argentacloud.com\/en\/wp-json\/wp\/v2\/comments?post=10648"}],"version-history":[{"count":26,"href":"https:\/\/azuvi.argentacloud.com\/en\/wp-json\/wp\/v2\/pages\/10648\/revisions"}],"predecessor-version":[{"id":12733,"href":"https:\/\/azuvi.argentacloud.com\/en\/wp-json\/wp\/v2\/pages\/10648\/revisions\/12733"}],"wp:attachment":[{"href":"https:\/\/azuvi.argentacloud.com\/en\/wp-json\/wp\/v2\/media?parent=10648"}],"curies":[{"name":"wp","href":"https:\/\/api.w.org\/{rel}","templated":true}]}}