
{"id":10612,"date":"2021-12-01T15:44:35","date_gmt":"2021-12-01T15:44:35","guid":{"rendered":"https:\/\/azuvi.atic.green\/02-main-demo\/"},"modified":"2023-02-17T12:33:45","modified_gmt":"2023-02-17T12:33:45","slug":"02-main-demo","status":"publish","type":"page","link":"https:\/\/azuvi.argentacloud.com\/en\/","title":{"rendered":"02 Main Demo"},"content":{"rendered":"\t\t<div data-elementor-type=\"wp-page\" data-elementor-id=\"10612\" class=\"elementor elementor-10612 elementor-6426\" data-elementor-post-type=\"page\">\n\t\t\t\t\t\t\t\t\t<div class=\"elementor-section elementor-top-section elementor-element elementor-element-2191788 elementor-section-full_width elementor-section-height-full elementor-section-items-bottom home2023-revolution elementor-section-height-default e-parent\" data-id=\"2191788\" data-element_type=\"section\">\n\t\t\t\t\t\t<div class=\"elementor-container elementor-column-gap-no\">\n\t\t\t\t\t<div class=\"elementor-column elementor-col-100 elementor-top-column elementor-element elementor-element-405c601 lakit-col-width-auto-no\" data-id=\"405c601\" data-element_type=\"column\">\n\t\t\t<div class=\"elementor-widget-wrap elementor-element-populated\">\n\t\t\t\t\t\t\t\t<div class=\"elementor-element elementor-element-0a8c32d elementor-widget elementor-widget-slider_revolution\" data-id=\"0a8c32d\" data-element_type=\"widget\" data-widget_type=\"slider_revolution.default\">\n\t\t\t\t<div class=\"elementor-widget-container\">\n\t\t\t\n\t\t<div class=\"wp-block-themepunch-revslider\">\n\t\t\t<!-- START Home 2023 REVOLUTION SLIDER 6.5.20 --><p class=\"rs-p-wp-fix\"><\/p>\n\t\t\t<rs-module-wrap id=\"rev_slider_3_1_wrapper\" data-source=\"gallery\" style=\"visibility:hidden;background:transparent;padding:0;\">\n\t\t\t\t<rs-module id=\"rev_slider_3_1\" style=\"\" data-version=\"6.5.20\">\n\t\t\t\t\t<rs-slides>\n\t\t\t\t\t\t<rs-slide style=\"position: absolute;\" data-key=\"rs-38\" data-title=\"Slide\" data-in=\"o:0;\" data-out=\"a:false;\">\n\t\t\t\t\t\t\t<img decoding=\"async\" src=\"\/\/azuvi.argentacloud.com\/wp-content\/plugins\/revslider\/public\/assets\/assets\/dummy.png\" alt=\"Slide\" title=\"02 Main Demo\" class=\"rev-slidebg tp-rs-img rs-lazyload\" data-lazyload=\"\/\/azuvi.argentacloud.com\/wp-content\/plugins\/revslider\/public\/assets\/assets\/transparent.png\" data-parallax=\"off\" data-no-retina>\n<!---->\t\t\t\t\t\t<\/rs-slide>\n\t\t\t\t\t\t<rs-slide style=\"position: absolute;\" data-key=\"rs-39\" data-title=\"Slide\" data-in=\"o:0;\" data-out=\"a:false;\">\n\t\t\t\t\t\t\t<img decoding=\"async\" src=\"\/\/azuvi.argentacloud.com\/wp-content\/plugins\/revslider\/public\/assets\/assets\/dummy.png\" alt=\"Slide\" title=\"02 Main Demo\" class=\"rev-slidebg tp-rs-img rs-lazyload\" data-lazyload=\"\/\/azuvi.argentacloud.com\/wp-content\/plugins\/revslider\/public\/assets\/assets\/transparent.png\" data-parallax=\"off\" data-no-retina>\n<!---->\t\t\t\t\t\t<\/rs-slide>\n\t\t\t\t\t\t<rs-slide style=\"position: absolute;\" data-key=\"rs-40\" data-title=\"Slide\" data-in=\"o:0;\" data-out=\"a:false;\">\n\t\t\t\t\t\t\t<img decoding=\"async\" src=\"\/\/azuvi.argentacloud.com\/wp-content\/plugins\/revslider\/public\/assets\/assets\/dummy.png\" alt=\"Slide\" title=\"02 Main Demo\" class=\"rev-slidebg tp-rs-img rs-lazyload\" data-lazyload=\"\/\/azuvi.argentacloud.com\/wp-content\/plugins\/revslider\/public\/assets\/assets\/transparent.png\" data-parallax=\"off\" data-no-retina>\n<!---->\t\t\t\t\t\t<\/rs-slide>\n\t\t\t\t\t<\/rs-slides>\n\t\t\t\t\t<rs-static-layers><!--\n\t\t\t\t\t--><\/rs-static-layers>\n\t\t\t\t<\/rs-module>\n\t\t\t\t<script>\n\t\t\t\t\tsetREVStartSize({c: 'rev_slider_3_1',rl:[1240,1024,778,480],el:[1080,1080,1080,1080],gw:[1919,1440,768,480],gh:[1080,1080,1080,1080],type:'standard',justify:'',layout:'fullscreen',offsetContainer:'',offset:'',mh:\"0\"});if (window.RS_MODULES!==undefined && window.RS_MODULES.modules!==undefined && window.RS_MODULES.modules[\"revslider31\"]!==undefined) {window.RS_MODULES.modules[\"revslider31\"].once = false;window.revapi3 = undefined;if (window.RS_MODULES.checkMinimal!==undefined) window.RS_MODULES.checkMinimal()}\n\t\t\t\t<\/script>\n\t\t\t<\/rs-module-wrap>\n\t\t\t<!-- END REVOLUTION SLIDER -->\n<\/div>\n\n\t\t\t\t<\/div>\n\t\t\t\t<\/div>\n\t\t\t\t<div class=\"elementor-element elementor-element-aff8df3 elementor-widget__width-initial elementor-absolute home2023__text elementor-widget elementor-widget-text-editor\" data-id=\"aff8df3\" data-element_type=\"widget\" data-settings=\"{&quot;_position&quot;:&quot;absolute&quot;}\" data-widget_type=\"text-editor.default\">\n\t\t\t\t<div class=\"elementor-widget-container\">\n\t\t\t<style>\/*! elementor - v3.18.0 - 08-12-2023 *\/\n.elementor-widget-text-editor.elementor-drop-cap-view-stacked .elementor-drop-cap{background-color:#69727d;color:#fff}.elementor-widget-text-editor.elementor-drop-cap-view-framed .elementor-drop-cap{color:#69727d;border:3px solid;background-color:transparent}.elementor-widget-text-editor:not(.elementor-drop-cap-view-default) .elementor-drop-cap{margin-top:8px}.elementor-widget-text-editor:not(.elementor-drop-cap-view-default) .elementor-drop-cap-letter{width:1em;height:1em}.elementor-widget-text-editor .elementor-drop-cap{float:left;text-align:center;line-height:1;font-size:50px}.elementor-widget-text-editor .elementor-drop-cap-letter{display:inline-block}<\/style>\t\t\t\t<h2>Welcome to the home of Ceramics. Transforming living spaces since 1956 with elegant, balanced and timeless design.<\/h2>\t\t\t\t\t\t<\/div>\n\t\t\t\t<\/div>\n\t\t\t\t<div class=\"elementor-element elementor-element-7b01037 elementor-widget__width-initial elementor-absolute elementor-widget elementor-widget-html\" data-id=\"7b01037\" data-element_type=\"widget\" data-settings=\"{&quot;_position&quot;:&quot;absolute&quot;}\" data-widget_type=\"html.default\">\n\t\t\t\t<div class=\"elementor-widget-container\">\n\t\t\t<div class=\"home2023__container-download-catalogue\">\n    <a href=\"\/wp-content\/uploads\/2023\/02\/CAT-NEWS-2023_AZUVI_HR.pdf\" target=\"_blank\" class=\"home2023__download-catalogue\">Download the novelties 2023 catalogue<\/a>\n    <img decoding=\"async\" class=\"home2023__download-arrow\" src=\"\/wp-content\/uploads\/2022\/06\/ico_white_50_Descargar.svg\">\n<\/div>\t\t<\/div>\n\t\t\t\t<\/div>\n\t\t\t\t\t<\/div>\n\t\t<\/div>\n\t\t\t\t\t\t\t<\/div>\n\t\t<\/div>\n\t\t\t\t<div class=\"elementor-section elementor-top-section elementor-element elementor-element-b502747 elementor-section-full_width elementor-hidden-desktop elementor-hidden-laptop elementor-hidden-tablet elementor-hidden-mobile_extra elementor-hidden-mobile elementor-section-height-default elementor-section-height-default e-parent\" data-id=\"b502747\" data-element_type=\"section\" data-settings=\"{&quot;background_background&quot;:&quot;classic&quot;}\">\n\t\t\t\t\t\t<div class=\"elementor-container elementor-column-gap-no\">\n\t\t\t\t\t<div class=\"elementor-column elementor-col-100 elementor-top-column elementor-element elementor-element-415a07c lakit-col-width-auto-no\" data-id=\"415a07c\" data-element_type=\"column\">\n\t\t\t<div class=\"elementor-widget-wrap elementor-element-populated\">\n\t\t\t\t\t\t\t\t<div class=\"elementor-element elementor-element-6045a29 elementor-widget elementor-widget-text-editor\" data-id=\"6045a29\" data-element_type=\"widget\" data-widget_type=\"text-editor.default\">\n\t\t\t\t<div class=\"elementor-widget-container\">\n\t\t\t\t\t\t\t<h2>Novedades<\/h2>\n\t\t\t\t\t\t<\/div>\n\t\t\t\t<\/div>\n\t\t\t\t<div class=\"elementor-element elementor-element-be43bc9 elementor-widget elementor-widget-text-editor\" data-id=\"be43bc9\" data-element_type=\"widget\" data-widget_type=\"text-editor.default\">\n\t\t\t\t<div class=\"elementor-widget-container\">\n\t\t\t\t\t\t\t<p>nuestras \u00faltimas colecciones<\/p>\n\t\t\t\t\t\t<\/div>\n\t\t\t\t<\/div>\n\t\t\t\t<div class=\"elementor-element elementor-element-096ad39 elementor-widget elementor-widget-shortcode\" data-id=\"096ad39\" data-element_type=\"widget\" data-widget_type=\"shortcode.default\">\n\t\t\t\t<div class=\"elementor-widget-container\">\n\t\t\t\t\t<div class=\"elementor-shortcode\"><div id=\"novedades_wrapper\"><div class=\"variable-width\" style=\"display:block !important;\"><div><a href=\".\/wp-content\/uploads\/novedades\/AMB_NEUTRA STEEL.jpg\" data-lightbox=\"galeria\" ><img decoding=\"async\" src=\"..\/..\/wp-content\/uploads\/novedades\/AMB_NEUTRA STEEL.jpg\" style=\"height:700px;width:auto;margin:26px;\"><\/a><\/div><div><a href=\".\/wp-content\/uploads\/novedades\/AMB_PORTLAND WHITE 30X90.jpg\" data-lightbox=\"galeria\" ><img decoding=\"async\" src=\"..\/..\/wp-content\/uploads\/novedades\/AMB_PORTLAND WHITE 30X90.jpg\" style=\"height:700px;width:auto;margin:26px;\"><\/a><\/div><div><a href=\".\/wp-content\/uploads\/novedades\/sliderazuvi copia.jpg\" data-lightbox=\"galeria\" ><img decoding=\"async\" src=\"..\/..\/wp-content\/uploads\/novedades\/sliderazuvi copia.jpg\" style=\"height:700px;width:auto;margin:26px;\"><\/a><\/div><\/div><script type=\"text\/javascript\" src=\"\/\/cdn.jsdelivr.net\/npm\/slick-carousel@1.8.1\/slick\/slick.min.js\"><\/script><script>\r\n\t\t\t\r\n\t\t\t\tjQuery('.variable-width').slick({\r\n\t\t\t\t\t  dots: true,\r\n\t\t\t\t\t  infinite: false,\r\n\t\t\t\t\t  speed: 300,\r\n\t\t\t\t\t  slidesToShow: 1,\r\n\t\t\t\t\t  centerMode: false,\r\n\t\t\t\t\t  variableWidth: true\r\n\t\t\t\t\t});\r\n\t\t\t\t\r\n\r\n\t\t\t\t\t<\/script>\r\n\t\t\t\t\t\r\n\t\t\t\t\t<style>.slick-prev,.slick-next{ background:transparent !important; }<\/style><\/div>\n\t\t\t\t<\/div>\n\t\t\t\t<\/div>\n\t\t\t\t<div class=\"elementor-element elementor-element-9529c63 elementor-widget__width-auto elementor-absolute elementor-view-default elementor-invisible elementor-widget elementor-widget-icon\" data-id=\"9529c63\" data-element_type=\"widget\" data-settings=\"{&quot;_animation&quot;:&quot;lakitShortFadeInUp&quot;,&quot;_animation_delay&quot;:500,&quot;_position&quot;:&quot;absolute&quot;}\" data-widget_type=\"icon.default\">\n\t\t\t\t<div class=\"elementor-widget-container\">\n\t\t\t\t\t<div class=\"elementor-icon-wrapper\">\n\t\t\t<div class=\"elementor-icon\">\n\t\t\t<svg xmlns=\"http:\/\/www.w3.org\/2000\/svg\" width=\"61\" height=\"60\" viewBox=\"0 0 61 60\" fill=\"none\"><path fill=\"currentColor\" d=\"M30 0h1v60h-1z\"><\/path><path fill=\"currentColor\" d=\"M60.5 29.5v1H.5v-1z\"><\/path><\/svg>\t\t\t<\/div>\n\t\t<\/div>\n\t\t\t\t<\/div>\n\t\t\t\t<\/div>\n\t\t\t\t\t<\/div>\n\t\t<\/div>\n\t\t\t\t\t\t\t<\/div>\n\t\t<\/div>\n\t\t\t\t<div class=\"elementor-section elementor-top-section elementor-element elementor-element-09c4010 elementor-hidden-desktop elementor-hidden-laptop elementor-hidden-tablet elementor-hidden-mobile_extra elementor-hidden-mobile elementor-section-boxed elementor-section-height-default elementor-section-height-default e-parent\" data-id=\"09c4010\" data-element_type=\"section\">\n\t\t\t\t\t\t<div class=\"elementor-container elementor-column-gap-default\">\n\t\t\t\t\t<div class=\"elementor-column elementor-col-25 elementor-top-column elementor-element elementor-element-b415067 lakit-col-width-auto-no\" data-id=\"b415067\" data-element_type=\"column\">\n\t\t\t<div class=\"elementor-widget-wrap\">\n\t\t\t\t\t\t\t\t\t<\/div>\n\t\t<\/div>\n\t\t\t\t<div class=\"elementor-column elementor-col-50 elementor-top-column elementor-element elementor-element-b5ac5e1 lakit-col-width-auto-no\" data-id=\"b5ac5e1\" data-element_type=\"column\">\n\t\t\t<div class=\"elementor-widget-wrap elementor-element-populated\">\n\t\t\t\t\t\t\t\t<div class=\"elementor-element elementor-element-704b384 elementor-widget elementor-widget-text-editor\" data-id=\"704b384\" data-element_type=\"widget\" data-widget_type=\"text-editor.default\">\n\t\t\t\t<div class=\"elementor-widget-container\">\n\t\t\t\t\t\t\t<p>Subscribe to the AZUVI Newsletter<\/p>\n\t\t\t\t\t\t<\/div>\n\t\t\t\t<\/div>\n\t\t\t\t<div class=\"elementor-element elementor-element-c155837 elementor-widget elementor-widget-lastudio-subscribe-form\" data-id=\"c155837\" data-element_type=\"widget\" data-widget_type=\"lastudio-subscribe-form.default\">\n\t\t\t\t<div class=\"elementor-widget-container\">\n\t\t\t<div class=\"lastudio-subscribe-form lastudio-subscribe-form--inline-layout\" data-settings=\"{&quot;redirect&quot;:false,&quot;redirect_url&quot;:&quot;#&quot;,&quot;use_target_list_id&quot;:false,&quot;target_list_id&quot;:&quot;&quot;}\">\n\t<form method=\"POST\" action=\"#\" class=\"lastudio-subscribe-form__form\">\n\t\t<div class=\"lastudio-subscribe-form__input-group\">\n\t\t\t<div class=\"lastudio-subscribe-form__fields\">\n\t\t\t\t<input class=\"lastudio-subscribe-form__input lastudio-subscribe-form__mail-field\" type=\"email\" name=\"email\" placeholder=\"\" data-instance-data=\"[]\"\/><\/div>\n            <a class=\"lastudio-subscribe-form__submit elementor-button elementor-size-md\" href=\"#\"><span class=\"lastudio-subscribe-form__submit-text\">SUSCR\u00cdBETE<\/span><\/a>\n\t\t<\/div>\n\t\t<div class=\"lastudio-subscribe-form__message\"><div class=\"lastudio-subscribe-form__message-inner\"><span><\/span><\/div><\/div>\n\t<\/form>\n<\/div>\n\t\t<\/div>\n\t\t\t\t<\/div>\n\t\t\t\t\t<\/div>\n\t\t<\/div>\n\t\t\t\t<div class=\"elementor-column elementor-col-25 elementor-top-column elementor-element elementor-element-dadd67b lakit-col-width-auto-no\" data-id=\"dadd67b\" data-element_type=\"column\">\n\t\t\t<div class=\"elementor-widget-wrap\">\n\t\t\t\t\t\t\t\t\t<\/div>\n\t\t<\/div>\n\t\t\t\t\t\t\t<\/div>\n\t\t<\/div>\n\t\t\t\t\t\t\t<\/div>\n\t\t","protected":false},"excerpt":{"rendered":"<p>Welcome to the home of Ceramics. Transforming living spaces since 1956 with elegant, balanced and timeless design. Download the novelties 2023 catalogue Novedades nuestras \u00faltimas colecciones Subscribe to the AZUVI Newsletter SUSCR\u00cdBETE<\/p>\n","protected":false},"author":1,"featured_media":0,"parent":0,"menu_order":0,"comment_status":"closed","ping_status":"closed","template":"","meta":{"footnotes":""},"class_list":["post-10612","page","type-page","status-publish","hentry"],"yoast_head":"<!-- This site is optimized with the Yoast SEO plugin v21.2 - https:\/\/yoast.com\/wordpress\/plugins\/seo\/ -->\n<title>02 Main Demo - Azuvi<\/title>\n<meta name=\"robots\" content=\"noindex, follow, max-snippet:-1, max-image-preview:large, max-video-preview:-1\" \/>\n<meta property=\"og:locale\" content=\"en_US\" \/>\n<meta property=\"og:type\" content=\"article\" \/>\n<meta property=\"og:title\" content=\"02 Main Demo - Azuvi\" \/>\n<meta property=\"og:description\" content=\"Welcome to the home of Ceramics. Transforming living spaces since 1956 with elegant, balanced and timeless design. Download the novelties 2023 catalogue Novedades nuestras \u00faltimas colecciones Subscribe to the AZUVI Newsletter SUSCR\u00cdBETE\" \/>\n<meta property=\"og:url\" content=\"https:\/\/azuvi.argentacloud.com\/\" \/>\n<meta property=\"og:site_name\" content=\"Azuvi\" \/>\n<meta property=\"article:modified_time\" content=\"2023-02-17T12:33:45+00:00\" \/>\n<meta name=\"twitter:card\" content=\"summary_large_image\" \/>\n<script type=\"application\/ld+json\" class=\"yoast-schema-graph\">{\"@context\":\"https:\/\/schema.org\",\"@graph\":[{\"@type\":\"WebPage\",\"@id\":\"https:\/\/azuvi.argentacloud.com\/\",\"url\":\"https:\/\/azuvi.argentacloud.com\/\",\"name\":\"02 Main Demo - Azuvi\",\"isPartOf\":{\"@id\":\"https:\/\/azuvi.argentacloud.com\/#website\"},\"datePublished\":\"2021-12-01T15:44:35+00:00\",\"dateModified\":\"2023-02-17T12:33:45+00:00\",\"breadcrumb\":{\"@id\":\"https:\/\/azuvi.argentacloud.com\/#breadcrumb\"},\"inLanguage\":\"en-US\",\"potentialAction\":[{\"@type\":\"ReadAction\",\"target\":[\"https:\/\/azuvi.argentacloud.com\/\"]}]},{\"@type\":\"BreadcrumbList\",\"@id\":\"https:\/\/azuvi.argentacloud.com\/#breadcrumb\",\"itemListElement\":[{\"@type\":\"ListItem\",\"position\":1,\"name\":\"Portada\",\"item\":\"https:\/\/azuvi.argentacloud.com\/\"},{\"@type\":\"ListItem\",\"position\":2,\"name\":\"02 Main Demo\"}]},{\"@type\":\"WebSite\",\"@id\":\"https:\/\/azuvi.argentacloud.com\/#website\",\"url\":\"https:\/\/azuvi.argentacloud.com\/\",\"name\":\"Azuvi\",\"description\":\"Innovaci\u00f3n en dise\u00f1o cer\u00e1mico\",\"publisher\":{\"@id\":\"https:\/\/azuvi.argentacloud.com\/#organization\"},\"potentialAction\":[{\"@type\":\"SearchAction\",\"target\":{\"@type\":\"EntryPoint\",\"urlTemplate\":\"https:\/\/azuvi.argentacloud.com\/?s={search_term_string}\"},\"query-input\":\"required name=search_term_string\"}],\"inLanguage\":\"en-US\"},{\"@type\":\"Organization\",\"@id\":\"https:\/\/azuvi.argentacloud.com\/#organization\",\"name\":\"Azuvi\",\"url\":\"https:\/\/azuvi.argentacloud.com\/\",\"logo\":{\"@type\":\"ImageObject\",\"inLanguage\":\"en-US\",\"@id\":\"https:\/\/azuvi.argentacloud.com\/#\/schema\/logo\/image\/\",\"url\":\"https:\/\/azuvi.argentacloud.com\/wp-content\/uploads\/2023\/02\/AZUVI_LOGO-POSITIVO-scaled.jpg\",\"contentUrl\":\"https:\/\/azuvi.argentacloud.com\/wp-content\/uploads\/2023\/02\/AZUVI_LOGO-POSITIVO-scaled.jpg\",\"width\":2560,\"height\":982,\"caption\":\"Azuvi\"},\"image\":{\"@id\":\"https:\/\/azuvi.argentacloud.com\/#\/schema\/logo\/image\/\"}}]}<\/script>\n<!-- \/ Yoast SEO plugin. -->","yoast_head_json":{"title":"02 Main Demo - Azuvi","robots":{"index":"noindex","follow":"follow","max-snippet":"max-snippet:-1","max-image-preview":"max-image-preview:large","max-video-preview":"max-video-preview:-1"},"og_locale":"en_US","og_type":"article","og_title":"02 Main Demo - Azuvi","og_description":"Welcome to the home of Ceramics. Transforming living spaces since 1956 with elegant, balanced and timeless design. Download the novelties 2023 catalogue Novedades nuestras \u00faltimas colecciones Subscribe to the AZUVI Newsletter SUSCR\u00cdBETE","og_url":"https:\/\/azuvi.argentacloud.com\/","og_site_name":"Azuvi","article_modified_time":"2023-02-17T12:33:45+00:00","twitter_card":"summary_large_image","schema":{"@context":"https:\/\/schema.org","@graph":[{"@type":"WebPage","@id":"https:\/\/azuvi.argentacloud.com\/","url":"https:\/\/azuvi.argentacloud.com\/","name":"02 Main Demo - Azuvi","isPartOf":{"@id":"https:\/\/azuvi.argentacloud.com\/#website"},"datePublished":"2021-12-01T15:44:35+00:00","dateModified":"2023-02-17T12:33:45+00:00","breadcrumb":{"@id":"https:\/\/azuvi.argentacloud.com\/#breadcrumb"},"inLanguage":"en-US","potentialAction":[{"@type":"ReadAction","target":["https:\/\/azuvi.argentacloud.com\/"]}]},{"@type":"BreadcrumbList","@id":"https:\/\/azuvi.argentacloud.com\/#breadcrumb","itemListElement":[{"@type":"ListItem","position":1,"name":"Portada","item":"https:\/\/azuvi.argentacloud.com\/"},{"@type":"ListItem","position":2,"name":"02 Main Demo"}]},{"@type":"WebSite","@id":"https:\/\/azuvi.argentacloud.com\/#website","url":"https:\/\/azuvi.argentacloud.com\/","name":"Azuvi","description":"Innovaci\u00f3n en dise\u00f1o cer\u00e1mico","publisher":{"@id":"https:\/\/azuvi.argentacloud.com\/#organization"},"potentialAction":[{"@type":"SearchAction","target":{"@type":"EntryPoint","urlTemplate":"https:\/\/azuvi.argentacloud.com\/?s={search_term_string}"},"query-input":"required name=search_term_string"}],"inLanguage":"en-US"},{"@type":"Organization","@id":"https:\/\/azuvi.argentacloud.com\/#organization","name":"Azuvi","url":"https:\/\/azuvi.argentacloud.com\/","logo":{"@type":"ImageObject","inLanguage":"en-US","@id":"https:\/\/azuvi.argentacloud.com\/#\/schema\/logo\/image\/","url":"https:\/\/azuvi.argentacloud.com\/wp-content\/uploads\/2023\/02\/AZUVI_LOGO-POSITIVO-scaled.jpg","contentUrl":"https:\/\/azuvi.argentacloud.com\/wp-content\/uploads\/2023\/02\/AZUVI_LOGO-POSITIVO-scaled.jpg","width":2560,"height":982,"caption":"Azuvi"},"image":{"@id":"https:\/\/azuvi.argentacloud.com\/#\/schema\/logo\/image\/"}}]}},"_links":{"self":[{"href":"https:\/\/azuvi.argentacloud.com\/en\/wp-json\/wp\/v2\/pages\/10612","targetHints":{"allow":["GET"]}}],"collection":[{"href":"https:\/\/azuvi.argentacloud.com\/en\/wp-json\/wp\/v2\/pages"}],"about":[{"href":"https:\/\/azuvi.argentacloud.com\/en\/wp-json\/wp\/v2\/types\/page"}],"author":[{"embeddable":true,"href":"https:\/\/azuvi.argentacloud.com\/en\/wp-json\/wp\/v2\/users\/1"}],"replies":[{"embeddable":true,"href":"https:\/\/azuvi.argentacloud.com\/en\/wp-json\/wp\/v2\/comments?post=10612"}],"version-history":[{"count":22,"href":"https:\/\/azuvi.argentacloud.com\/en\/wp-json\/wp\/v2\/pages\/10612\/revisions"}],"predecessor-version":[{"id":12035,"href":"https:\/\/azuvi.argentacloud.com\/en\/wp-json\/wp\/v2\/pages\/10612\/revisions\/12035"}],"wp:attachment":[{"href":"https:\/\/azuvi.argentacloud.com\/en\/wp-json\/wp\/v2\/media?parent=10612"}],"curies":[{"name":"wp","href":"https:\/\/api.w.org\/{rel}","templated":true}]}}